{"id":203,"date":"2011-09-14T09:45:02","date_gmt":"2011-09-14T09:45:02","guid":{"rendered":"http:\/\/192.168.9.29\/Development\/TB\/?page_id=203"},"modified":"2016-02-15T13:08:55","modified_gmt":"2016-02-15T12:08:55","slug":"portada-2","status":"publish","type":"page","link":"https:\/\/www.cotomac.com\/pt\/","title":{"rendered":"Portada"},"content":{"rendered":"<div class=\"service-grid\">\n<div class=\"spacer\"><\/div><!-- .spacer (end) -->\n<p style=\"text-align: center;\"><div class=\"row \">\n<h2 style=\"text-align: center;\"><div class=\"span4 \"><a href=\"http:\/\/www.cotomac.com\/pt\/servicos\/fabricacao\/\">Fabrica\u00e7\u00e3o<\/a><\/div><\/h2>\n<p style=\"text-align: center;\"><div class=\"vertical-divider\"><\/div><!-- divider (end) -->\n<h2 style=\"text-align: center;\"><div class=\"span4 \"><a href=\"http:\/\/www.cotomac.com\/pt\/servicos\/montagem-e-instalacao\/\">Montagem e instala\u00e7\u00e3o<\/a><\/div><\/h2>\n<p style=\"text-align: center;\"><div class=\"vertical-divider\"><\/div><!-- divider (end) -->\n<h2 style=\"text-align: center;\"><div class=\"span4 \"><a href=\"http:\/\/www.cotomac.com\/pt\/servicos\/manutencao-industrial\/\">Manuten\u00e7\u00e3o industrial<\/a><\/div><\/h2>\n<p style=\"text-align: center;\"><\/div><!-- .row (end) -->\n<div class=\"row \">\n<div class=\"span4 \"><div class=\"banner-wrap \"><figure class=\"featured-thumbnail\"><a href=\"http:\/\/www.cotomac.com\/pt\/servicos\/fabricacao\/\" title=\"\"><img src=\"https:\/\/www.cotomac.com\/pt\/wp-content\/uploads\/sites\/5\/2016\/02\/fabricacion-peq.jpg\" title=\"\" alt=\"\" \/><\/a><\/figure><\/div><!-- .banner-wrap (end) --><\/div>\n<div class=\"vertical-divider\"><\/div><!-- divider (end) -->\n<div class=\"span4 \"><div class=\"banner-wrap \"><figure class=\"featured-thumbnail\"><a href=\"http:\/\/www.cotomac.com\/pt\/servicos\/montagem-e-instalacao\/\" title=\"\"><img src=\"https:\/\/www.cotomac.com\/pt\/wp-content\/uploads\/sites\/5\/2016\/02\/montaje-romero.jpg\" title=\"\" alt=\"\" \/><\/a><\/figure><\/div><!-- .banner-wrap (end) --><\/div>\n<div class=\"vertical-divider\"><\/div><!-- divider (end) -->\n<div class=\"span4 \"><div class=\"banner-wrap \"><figure class=\"featured-thumbnail\"><a href=\"http:\/\/www.cotomac.com\/pt\/servicos\/manutencao-industrial\/\" title=\"\"><img src=\"https:\/\/www.cotomac.com\/pt\/wp-content\/uploads\/sites\/5\/2016\/02\/mantenimiento-romero.jpg\" title=\"\" alt=\"\" \/><\/a><\/figure><\/div><!-- .banner-wrap (end) --><\/div>\n<\/div><!-- .row (end) -->\n<div class=\"spacer\"><\/div><!-- .spacer (end) -->\n<div class=\"row \">\n<div class=\"span12 \"><div class=\"hr\"><\/div><!-- .hr (end) --><\/div> <\/div><!-- .row (end) -->\n<div class=\"spacer\"><\/div><!-- .spacer (end) -->\n<div class=\"row-fluid \"> <figure class=\"frame thumbnail alignnone clearfix\">\n<div class=\"span2 \"><div class=\"service-box \"><figure class=\"icon\"><img src=\"https:\/\/www.cotomac.com\/pt\/wp-content\/themes\/theme44938\/images\/icon1.png\" alt=\"\" \/><\/figure><div class=\"service-box_body\"><h2 class=\"title\">Caldeiras<\/h2><div class=\"service-box_txt\">\u2022Dep\u00f3sitos inoxid\u00e1veis \u2022Tanques inoxid\u00e1veis \u2022Dep\u00f3sitos de carv\u00e3o \u2022Recipientes especiais<\/div><\/div><\/div><!-- \/Service Box --><\/div>\n<div class=\"span2 \"><div class=\"service-box \"><figure class=\"icon\"><img src=\"https:\/\/www.cotomac.com\/pt\/wp-content\/themes\/theme44938\/images\/icon2.png\" alt=\"\" \/><\/figure><div class=\"service-box_body\"><h2 class=\"title\">Instala\u00e7\u00f5es industriais<\/h2><div class=\"service-box_txt\">\u2022Instala\u00e7\u00f5es para \u00e1cidos \u2022Sistemas de ar comprimido \u2022Protec\u00e7\u00e3o contra inc\u00eandio \u2022Planta de vapor \u2022Instala\u00e7\u00f5es inoxid\u00e1veis \u2022Casas de bomba<\/div><\/div><\/div><!-- \/Service Box --><\/div>\n<div class=\"span2 \"><div class=\"service-box \"><figure class=\"icon\"><img src=\"https:\/\/www.cotomac.com\/pt\/wp-content\/themes\/theme44938\/images\/icon3.png\" alt=\"\" \/><\/figure><div class=\"service-box_body\"><h2 class=\"title\">Estruturas met\u00e1licas<\/h2><div class=\"service-box_txt\">\u2022Escadarias de a\u00e7o inoxid\u00e1vel \u2022Escadarias de a\u00e7o preto \u2022Estruturas de A\u00e7o Inoxid\u00e1vel \u2022Passarelas<\/div><\/div><\/div><!-- \/Service Box --><\/div>\n<div class=\"span2 \"><div class=\"service-box \"><figure class=\"icon\"><img src=\"https:\/\/www.cotomac.com\/pt\/wp-content\/themes\/theme44938\/images\/icon4.png\" alt=\"\" \/><\/figure><div class=\"service-box_body\"><h2 class=\"title\">Tubula\u00e7\u00e3o industrial<\/h2><div class=\"service-box_txt\">\u2022Tubula\u00e7\u00e3o para instala\u00e7\u00f5es de a\u00e7o inoxid\u00e1vel \u2022Tubula\u00e7\u00e3o para vapor \u2022Tubula\u00e7\u00e3o para instala\u00e7\u00f5es de ar comprimido \u2022Tubula\u00e7\u00e3o para sistemas contra inc\u00eandio<\/div><\/div><\/div><!-- \/Service Box --><\/div>\n<div class=\"span2 \"><div class=\"service-box \"><figure class=\"icon\"><img src=\"https:\/\/www.cotomac.com\/pt\/wp-content\/themes\/theme44938\/images\/icon6.png\" alt=\"\" \/><\/figure><div class=\"service-box_body\"><h2 class=\"title\">T\u00e9rmicas y co-gera\u00e7\u00e3o<\/h2><div class=\"service-box_txt\">\u2022Energia t\u00e9rmica de Biomassa \u2022Energia solar t\u00e9rmica \u2022Esta\u00e7\u00f5es de co-gera\u00e7\u00e3o<\/div><\/div><\/div><!-- \/Service Box --><\/div>\n<div class=\"span2 \"><div class=\"service-box \"><figure class=\"icon\"><img src=\"https:\/\/www.cotomac.com\/pt\/wp-content\/themes\/theme44938\/images\/icon5.png\" alt=\"\" \/><\/figure><div class=\"service-box_body\"><h2 class=\"title\">Trailer<\/h2><div class=\"service-box_txt\">\u2022Caminh\u00e3o r\u00edgido \u2022Caminh\u00e3o semi-reboque<\/div><\/div><\/div><!-- \/Service Box --><\/div>\n<\/figure> <\/div> <!-- .row-fluid (end) -->\n<\/div>\n","protected":false},"excerpt":{"rendered":"","protected":false},"author":1,"featured_media":0,"parent":0,"menu_order":0,"comment_status":"open","ping_status":"closed","template":"page-home.php","meta":{"ngg_post_thumbnail":0},"yoast_head":"<!-- This site is optimized with the Yoast SEO plugin v18.6 - https:\/\/yoast.com\/wordpress\/plugins\/seo\/ -->\n<title>Industrias Cotomac<\/title>\n<meta name=\"robots\" content=\"index, follow, max-snippet:-1, max-image-preview:large, max-video-preview:-1\" \/>\n<link rel=\"canonical\" href=\"https:\/\/www.cotomac.com\/pt\/\" \/>\n<meta property=\"og:locale\" content=\"pt_PT\" \/>\n<meta property=\"og:type\" content=\"article\" \/>\n<meta property=\"og:title\" content=\"Industrias Cotomac\" \/>\n<meta property=\"og:url\" content=\"https:\/\/www.cotomac.com\/pt\/\" \/>\n<meta property=\"og:site_name\" content=\"Industrias Cotomac S.L.U.\" \/>\n<meta property=\"article:modified_time\" content=\"2016-02-15T12:08:55+00:00\" \/>\n<meta name=\"twitter:label1\" content=\"Tempo estimado de leitura\" \/>\n\t<meta name=\"twitter:data1\" content=\"2 minutos\" \/>\n<script type=\"application\/ld+json\" class=\"yoast-schema-graph\">{\"@context\":\"https:\/\/schema.org\",\"@graph\":[{\"@type\":\"WebSite\",\"@id\":\"https:\/\/www.cotomac.com\/pt\/#website\",\"url\":\"https:\/\/www.cotomac.com\/pt\/\",\"name\":\"Industrias Cotomac S.L.U.\",\"description\":\"Fabricamos principalmente todo tipo de estruturas e caldeiras de a\u00e7o inoxid\u00e1vel e a\u00e7o de carbono, e todos os tipos de instala\u00e7\u00f5es para vapor, instala\u00e7\u00f5es de ar comprimido na co-gera\u00e7\u00e3o de baixa e alta press\u00e3o, estruturas met\u00e1licas, m\u00e1quinas, etc\",\"potentialAction\":[{\"@type\":\"SearchAction\",\"target\":{\"@type\":\"EntryPoint\",\"urlTemplate\":\"https:\/\/www.cotomac.com\/pt\/?s={search_term_string}\"},\"query-input\":\"required name=search_term_string\"}],\"inLanguage\":\"pt-PT\"},{\"@type\":\"WebPage\",\"@id\":\"https:\/\/www.cotomac.com\/pt\/#webpage\",\"url\":\"https:\/\/www.cotomac.com\/pt\/\",\"name\":\"Industrias Cotomac\",\"isPartOf\":{\"@id\":\"https:\/\/www.cotomac.com\/pt\/#website\"},\"datePublished\":\"2011-09-14T09:45:02+00:00\",\"dateModified\":\"2016-02-15T12:08:55+00:00\",\"breadcrumb\":{\"@id\":\"https:\/\/www.cotomac.com\/pt\/#breadcrumb\"},\"inLanguage\":\"pt-PT\",\"potentialAction\":[{\"@type\":\"ReadAction\",\"target\":[\"https:\/\/www.cotomac.com\/pt\/\"]}]},{\"@type\":\"BreadcrumbList\",\"@id\":\"https:\/\/www.cotomac.com\/pt\/#breadcrumb\",\"itemListElement\":[{\"@type\":\"ListItem\",\"position\":1,\"name\":\"Portada\",\"item\":\"https:\/\/www.cotomac.com\/pt\/\"},{\"@type\":\"ListItem\",\"position\":2,\"name\":\"Portada\"}]}]}<\/script>\n<!-- \/ Yoast SEO plugin. -->","yoast_head_json":{"title":"Industrias Cotomac","robots":{"index":"index","follow":"follow","max-snippet":"max-snippet:-1","max-image-preview":"max-image-preview:large","max-video-preview":"max-video-preview:-1"},"canonical":"https:\/\/www.cotomac.com\/pt\/","og_locale":"pt_PT","og_type":"article","og_title":"Industrias Cotomac","og_url":"https:\/\/www.cotomac.com\/pt\/","og_site_name":"Industrias Cotomac S.L.U.","article_modified_time":"2016-02-15T12:08:55+00:00","twitter_misc":{"Tempo estimado de leitura":"2 minutos"},"schema":{"@context":"https:\/\/schema.org","@graph":[{"@type":"WebSite","@id":"https:\/\/www.cotomac.com\/pt\/#website","url":"https:\/\/www.cotomac.com\/pt\/","name":"Industrias Cotomac S.L.U.","description":"Fabricamos principalmente todo tipo de estruturas e caldeiras de a\u00e7o inoxid\u00e1vel e a\u00e7o de carbono, e todos os tipos de instala\u00e7\u00f5es para vapor, instala\u00e7\u00f5es de ar comprimido na co-gera\u00e7\u00e3o de baixa e alta press\u00e3o, estruturas met\u00e1licas, m\u00e1quinas, etc","potentialAction":[{"@type":"SearchAction","target":{"@type":"EntryPoint","urlTemplate":"https:\/\/www.cotomac.com\/pt\/?s={search_term_string}"},"query-input":"required name=search_term_string"}],"inLanguage":"pt-PT"},{"@type":"WebPage","@id":"https:\/\/www.cotomac.com\/pt\/#webpage","url":"https:\/\/www.cotomac.com\/pt\/","name":"Industrias Cotomac","isPartOf":{"@id":"https:\/\/www.cotomac.com\/pt\/#website"},"datePublished":"2011-09-14T09:45:02+00:00","dateModified":"2016-02-15T12:08:55+00:00","breadcrumb":{"@id":"https:\/\/www.cotomac.com\/pt\/#breadcrumb"},"inLanguage":"pt-PT","potentialAction":[{"@type":"ReadAction","target":["https:\/\/www.cotomac.com\/pt\/"]}]},{"@type":"BreadcrumbList","@id":"https:\/\/www.cotomac.com\/pt\/#breadcrumb","itemListElement":[{"@type":"ListItem","position":1,"name":"Portada","item":"https:\/\/www.cotomac.com\/pt\/"},{"@type":"ListItem","position":2,"name":"Portada"}]}]}},"_links":{"self":[{"href":"https:\/\/www.cotomac.com\/pt\/wp-json\/wp\/v2\/pages\/203"}],"collection":[{"href":"https:\/\/www.cotomac.com\/pt\/wp-json\/wp\/v2\/pages"}],"about":[{"href":"https:\/\/www.cotomac.com\/pt\/wp-json\/wp\/v2\/types\/page"}],"author":[{"embeddable":true,"href":"https:\/\/www.cotomac.com\/pt\/wp-json\/wp\/v2\/users\/1"}],"replies":[{"embeddable":true,"href":"https:\/\/www.cotomac.com\/pt\/wp-json\/wp\/v2\/comments?post=203"}],"version-history":[{"count":5,"href":"https:\/\/www.cotomac.com\/pt\/wp-json\/wp\/v2\/pages\/203\/revisions"}],"predecessor-version":[{"id":3315,"href":"https:\/\/www.cotomac.com\/pt\/wp-json\/wp\/v2\/pages\/203\/revisions\/3315"}],"wp:attachment":[{"href":"https:\/\/www.cotomac.com\/pt\/wp-json\/wp\/v2\/media?parent=203"}],"curies":[{"name":"wp","href":"https:\/\/api.w.org\/{rel}","templated":true}]}}