{"id":2092,"date":"2014-01-08T16:30:19","date_gmt":"2014-01-08T16:30:19","guid":{"rendered":"http:\/\/www.cotomac.com\/?page_id=2092"},"modified":"2022-01-13T11:27:51","modified_gmt":"2022-01-13T10:27:51","slug":"empresa","status":"publish","type":"page","link":"https:\/\/www.cotomac.com\/pt\/empresa\/","title":{"rendered":"Empresa"},"content":{"rendered":"<div class=\"row \">\n<div class=\"span4 \"><p>&nbsp;<\/p>\n<p><img loading=\"lazy\" class=\"alignnone size-full wp-image-2742\" alt=\"romero-ingenieria-montajes\" src=\"http:\/\/www.cotomac.com\/wp-content\/uploads\/2014\/01\/montajes-ingenieria-romero-tudela-1.jpg\" width=\"400\" height=\"250\" \/><br \/>\nSEDE TUDELA-NAVARRA<br \/>\n<span><\/div><\/span><\/p>\n<p><span><div class=\"span8 \"><\/span><\/p>\n<h1>Empresa<\/h1>\n<p><span>Industrias Cotomac, com centros de fabrica\u00e7\u00e3o em Saragossa e Tudela (Navarra) \u00e9 uma empresa l\u00edder na fabrica\u00e7\u00e3o de instala\u00e7\u00f5es industriais em todo o pa\u00eds. Fabricamos principalmente todo o tipo de estruturas e caldeiras de a\u00e7o inoxid\u00e1vel e a\u00e7o de carbono, e todos os tipos de instala\u00e7\u00f5es para vapor, instala\u00e7\u00f5es de ar comprimido na co-gera\u00e7\u00e3o de baixa e alta press\u00e3o, estruturas met\u00e1licas, m\u00e1quinas, etc.. A segunda actividade mais relevante para a empresa, e a de servi\u00e7os de manuten\u00e7\u00e3o preventiva e correctiva em termos de preocupa\u00e7\u00f5es industriais electromec\u00e2nicas. O nosso departamento de Engenharia Industrial controla e regula ambas as divis\u00f5es que v\u00e3o desde a ind\u00fastria aliment\u00edcia passando pelo sector industrial de fundi\u00e7\u00e3o, papel, petroqu\u00edmica...\u00a0<\/div><\/span><\/p>\n<p><span style=\"font-size: 16px;\"><\/div><!-- .row (end) --><\/span><\/p>\n<p><span style=\"font-size: 16px;\"><div class=\"hr\"><\/div><!-- .hr (end) --><\/span><\/p>\n<p><span style=\"font-size: 16px;\"><div class=\"row \"><\/span><\/p>\n<p><span style=\"font-size: 16px;\"><div class=\"span4 \"><\/span><\/p>\n<p>&nbsp;<\/p>\n<p><img loading=\"lazy\" class=\"alignnone size-full wp-image-2741\" alt=\"montajes-ingenieria-romero-tudela\" src=\"http:\/\/www.cotomac.com\/wp-content\/uploads\/2020\/07\/sede-zaragoza.jpg\" width=\"400\" height=\"250\" \/><br \/>\n<span style=\"font-size: 16px;\"><\/div><\/span><\/p>\n<p><span style=\"font-size: 16px;\"><div class=\"span8 \"><\/span><\/p>\n<h1>QUALIDADE<\/h1>\n<p>O ano de 2004 foi para n\u00f3s um ano de renova\u00e7\u00e3o e adapta\u00e7\u00e3o \u00e0s novas exig\u00eancias de qualidade, sendo pioneiros na nossa regi\u00e3o, na implementa\u00e7\u00e3o da <strong>ISO<\/strong> 9001:2000, apoiada por um excelente trabalho de gest\u00e3o e concedida pela <strong>AENOR<\/strong>.<\/p>\n<p>Actualmente, os procedimentos de qualidade s\u00e3o aplicados rigorosamente, facto que se apoia na renova\u00e7\u00e3o que adquirimos com a norma, juntamente com o trabalho conjunto de um grupo de profissionais qualificados para garantir um servi\u00e7o eficiente, sinal evidente do nosso compromisso de uma melhoria cont\u00ednua e satisfa\u00e7\u00e3o dos nossos clientes.<\/p><\/div> <\/div><!-- .row (end) --> <div class=\"hr\"><\/div><!-- .hr (end) --> <div class=\"row \">\n<div class=\"row \"><\/div><!-- .row (end) --><div class=\"span4 \"><p>&nbsp;<\/p>\n<p><img loading=\"lazy\" class=\"alignnone size-full wp-image-2741\" alt=\"montajes-ingenieria-romero-tudela\" src=\"http:\/\/www.cotomac.com\/wp-content\/uploads\/2015\/02\/fundador-romero2.jpg\" width=\"400\" height=\"250\" \/><\/p>\n<h1><\/h1><\/div>\n<div class=\"span8 \"><h3 style=\"text-transform: inherit;padding-top: 50px;\">\nSe eu tivesse que escolher tr\u00eas palavras para definir o \u00faltimo em mais de 40 anos da minha vida pelo mundo da ind\u00fastria, sem d\u00favida que eu escolheria:<\/p>\n<\/h3>\n<h4><strong><ins>Seguran\u00e7a, qualidade e servi\u00e7o<\/ins>.<\/strong><\/h4>\n<p><\/p><\/div> <\/div><!-- .row (end) --> <div class=\"hr\"><\/div><!-- .hr (end) --> <div class=\"row \"> <div class=\"span12 \"><h1>LOCALIZA\u00c7\u00c3O<\/h1>\n<div class=\"span5 \"><h2>Tudela<\/h2>\n<p>\n<div class=\"google-map\"><iframe src=\"https:\/\/www.google.com\/maps\/embed?pb=!1m18!1m12!1m3!1d23692.550369154076!2d-1.6132914112680419!3d42.073861232054476!2m3!1f0!2f0!3f0!3m2!1i1024!2i768!4f13.1!3m3!1m2!1s0x0%3A0x0!2zNDLCsDA0JzM1LjUiTiAxwrAzOScwNS45Ilc!5e0!3m2!1ses!2s!4v1423062865092\" frameborder=\"0\" width=\"500\" height=\"250\" marginwidth=\"0\" marginheight=\"0\" scrolling=\"no\"><\/iframe><\/div><\/div><\/div> <\/div><!-- .row (end) -->\n","protected":false},"excerpt":{"rendered":"","protected":false},"author":1,"featured_media":0,"parent":0,"menu_order":0,"comment_status":"open","ping_status":"open","template":"page-fullwidth.php","meta":{"ngg_post_thumbnail":0},"yoast_head":"<!-- This site is optimized with the Yoast SEO plugin v18.6 - https:\/\/yoast.com\/wordpress\/plugins\/seo\/ -->\n<title>Empresa - Industrias Cotomac S.L.U.<\/title>\n<meta name=\"robots\" content=\"index, follow, max-snippet:-1, max-image-preview:large, max-video-preview:-1\" \/>\n<link rel=\"canonical\" href=\"https:\/\/www.cotomac.com\/pt\/empresa\/\" \/>\n<meta property=\"og:locale\" content=\"pt_PT\" \/>\n<meta property=\"og:type\" content=\"article\" \/>\n<meta property=\"og:title\" content=\"Empresa - Industrias Cotomac S.L.U.\" \/>\n<meta property=\"og:url\" content=\"https:\/\/www.cotomac.com\/pt\/empresa\/\" \/>\n<meta property=\"og:site_name\" content=\"Industrias Cotomac S.L.U.\" \/>\n<meta property=\"article:modified_time\" content=\"2022-01-13T10:27:51+00:00\" \/>\n<meta property=\"og:image\" content=\"http:\/\/www.cotomac.com\/wp-content\/uploads\/2014\/01\/montajes-ingenieria-romero-tudela-1.jpg\" \/>\n<meta name=\"twitter:label1\" content=\"Tempo estimado de leitura\" \/>\n\t<meta name=\"twitter:data1\" content=\"2 minutos\" \/>\n<script type=\"application\/ld+json\" class=\"yoast-schema-graph\">{\"@context\":\"https:\/\/schema.org\",\"@graph\":[{\"@type\":\"WebSite\",\"@id\":\"https:\/\/www.cotomac.com\/pt\/#website\",\"url\":\"https:\/\/www.cotomac.com\/pt\/\",\"name\":\"Industrias Cotomac S.L.U.\",\"description\":\"Fabricamos principalmente todo tipo de estruturas e caldeiras de a\u00e7o inoxid\u00e1vel e a\u00e7o de carbono, e todos os tipos de instala\u00e7\u00f5es para vapor, instala\u00e7\u00f5es de ar comprimido na co-gera\u00e7\u00e3o de baixa e alta press\u00e3o, estruturas met\u00e1licas, m\u00e1quinas, etc\",\"potentialAction\":[{\"@type\":\"SearchAction\",\"target\":{\"@type\":\"EntryPoint\",\"urlTemplate\":\"https:\/\/www.cotomac.com\/pt\/?s={search_term_string}\"},\"query-input\":\"required name=search_term_string\"}],\"inLanguage\":\"pt-PT\"},{\"@type\":\"ImageObject\",\"@id\":\"https:\/\/www.cotomac.com\/pt\/empresa\/#primaryimage\",\"inLanguage\":\"pt-PT\",\"url\":\"http:\/\/www.cotomac.com\/wp-content\/uploads\/2014\/01\/montajes-ingenieria-romero-tudela-1.jpg\",\"contentUrl\":\"http:\/\/www.cotomac.com\/wp-content\/uploads\/2014\/01\/montajes-ingenieria-romero-tudela-1.jpg\"},{\"@type\":\"WebPage\",\"@id\":\"https:\/\/www.cotomac.com\/pt\/empresa\/#webpage\",\"url\":\"https:\/\/www.cotomac.com\/pt\/empresa\/\",\"name\":\"Empresa - Industrias Cotomac S.L.U.\",\"isPartOf\":{\"@id\":\"https:\/\/www.cotomac.com\/pt\/#website\"},\"primaryImageOfPage\":{\"@id\":\"https:\/\/www.cotomac.com\/pt\/empresa\/#primaryimage\"},\"datePublished\":\"2014-01-08T16:30:19+00:00\",\"dateModified\":\"2022-01-13T10:27:51+00:00\",\"breadcrumb\":{\"@id\":\"https:\/\/www.cotomac.com\/pt\/empresa\/#breadcrumb\"},\"inLanguage\":\"pt-PT\",\"potentialAction\":[{\"@type\":\"ReadAction\",\"target\":[\"https:\/\/www.cotomac.com\/pt\/empresa\/\"]}]},{\"@type\":\"BreadcrumbList\",\"@id\":\"https:\/\/www.cotomac.com\/pt\/empresa\/#breadcrumb\",\"itemListElement\":[{\"@type\":\"ListItem\",\"position\":1,\"name\":\"Portada\",\"item\":\"https:\/\/www.cotomac.com\/pt\/\"},{\"@type\":\"ListItem\",\"position\":2,\"name\":\"Empresa\"}]}]}<\/script>\n<!-- \/ Yoast SEO plugin. -->","yoast_head_json":{"title":"Empresa - Industrias Cotomac S.L.U.","robots":{"index":"index","follow":"follow","max-snippet":"max-snippet:-1","max-image-preview":"max-image-preview:large","max-video-preview":"max-video-preview:-1"},"canonical":"https:\/\/www.cotomac.com\/pt\/empresa\/","og_locale":"pt_PT","og_type":"article","og_title":"Empresa - Industrias Cotomac S.L.U.","og_url":"https:\/\/www.cotomac.com\/pt\/empresa\/","og_site_name":"Industrias Cotomac S.L.U.","article_modified_time":"2022-01-13T10:27:51+00:00","og_image":[{"url":"http:\/\/www.cotomac.com\/wp-content\/uploads\/2014\/01\/montajes-ingenieria-romero-tudela-1.jpg"}],"twitter_misc":{"Tempo estimado de leitura":"2 minutos"},"schema":{"@context":"https:\/\/schema.org","@graph":[{"@type":"WebSite","@id":"https:\/\/www.cotomac.com\/pt\/#website","url":"https:\/\/www.cotomac.com\/pt\/","name":"Industrias Cotomac S.L.U.","description":"Fabricamos principalmente todo tipo de estruturas e caldeiras de a\u00e7o inoxid\u00e1vel e a\u00e7o de carbono, e todos os tipos de instala\u00e7\u00f5es para vapor, instala\u00e7\u00f5es de ar comprimido na co-gera\u00e7\u00e3o de baixa e alta press\u00e3o, estruturas met\u00e1licas, m\u00e1quinas, etc","potentialAction":[{"@type":"SearchAction","target":{"@type":"EntryPoint","urlTemplate":"https:\/\/www.cotomac.com\/pt\/?s={search_term_string}"},"query-input":"required name=search_term_string"}],"inLanguage":"pt-PT"},{"@type":"ImageObject","@id":"https:\/\/www.cotomac.com\/pt\/empresa\/#primaryimage","inLanguage":"pt-PT","url":"http:\/\/www.cotomac.com\/wp-content\/uploads\/2014\/01\/montajes-ingenieria-romero-tudela-1.jpg","contentUrl":"http:\/\/www.cotomac.com\/wp-content\/uploads\/2014\/01\/montajes-ingenieria-romero-tudela-1.jpg"},{"@type":"WebPage","@id":"https:\/\/www.cotomac.com\/pt\/empresa\/#webpage","url":"https:\/\/www.cotomac.com\/pt\/empresa\/","name":"Empresa - Industrias Cotomac S.L.U.","isPartOf":{"@id":"https:\/\/www.cotomac.com\/pt\/#website"},"primaryImageOfPage":{"@id":"https:\/\/www.cotomac.com\/pt\/empresa\/#primaryimage"},"datePublished":"2014-01-08T16:30:19+00:00","dateModified":"2022-01-13T10:27:51+00:00","breadcrumb":{"@id":"https:\/\/www.cotomac.com\/pt\/empresa\/#breadcrumb"},"inLanguage":"pt-PT","potentialAction":[{"@type":"ReadAction","target":["https:\/\/www.cotomac.com\/pt\/empresa\/"]}]},{"@type":"BreadcrumbList","@id":"https:\/\/www.cotomac.com\/pt\/empresa\/#breadcrumb","itemListElement":[{"@type":"ListItem","position":1,"name":"Portada","item":"https:\/\/www.cotomac.com\/pt\/"},{"@type":"ListItem","position":2,"name":"Empresa"}]}]}},"_links":{"self":[{"href":"https:\/\/www.cotomac.com\/pt\/wp-json\/wp\/v2\/pages\/2092"}],"collection":[{"href":"https:\/\/www.cotomac.com\/pt\/wp-json\/wp\/v2\/pages"}],"about":[{"href":"https:\/\/www.cotomac.com\/pt\/wp-json\/wp\/v2\/types\/page"}],"author":[{"embeddable":true,"href":"https:\/\/www.cotomac.com\/pt\/wp-json\/wp\/v2\/users\/1"}],"replies":[{"embeddable":true,"href":"https:\/\/www.cotomac.com\/pt\/wp-json\/wp\/v2\/comments?post=2092"}],"version-history":[{"count":14,"href":"https:\/\/www.cotomac.com\/pt\/wp-json\/wp\/v2\/pages\/2092\/revisions"}],"predecessor-version":[{"id":3349,"href":"https:\/\/www.cotomac.com\/pt\/wp-json\/wp\/v2\/pages\/2092\/revisions\/3349"}],"wp:attachment":[{"href":"https:\/\/www.cotomac.com\/pt\/wp-json\/wp\/v2\/media?parent=2092"}],"curies":[{"name":"wp","href":"https:\/\/api.w.org\/{rel}","templated":true}]}}