{"id":2145,"date":"2014-01-10T08:52:36","date_gmt":"2014-01-10T08:52:36","guid":{"rendered":"http:\/\/www.cotomac.com\/?page_id=2145"},"modified":"2015-08-19T10:35:35","modified_gmt":"2015-08-19T08:35:35","slug":"servicos","status":"publish","type":"page","link":"https:\/\/www.cotomac.com\/pt\/servicos\/","title":{"rendered":"SERVI\u00c7OS"},"content":{"rendered":"<p>Industrias Cotomac oferecem uma ampla gama de servi\u00e7os para o sector industrial. Dependendo das suas necessidades e o estado do seu projecto, podemos acompanhar-lhe em qualquer uma das \u00e1reas de trabalho abaixo mencionadas::<\/p>\n<div class=\"row \">\n<h2 style=\"text-align: center;\"><div class=\"span4 \">FABRICA\u00c7\u00c3O<\/div><\/h2>\n<div class=\"vertical-divider\"><\/div><!-- divider (end) -->\n<h2 style=\"text-align: center;\"><div class=\"span4 \">MONTAGEM E INSTALA\u00c7\u00c3O<\/div><\/h2>\n<div class=\"vertical-divider\"><\/div><!-- divider (end) -->\n<h2 style=\"text-align: center;\"><div class=\"span4 \">MANUTEN\u00c7\u00c3O INDUSTRIAL<\/div><\/h2>\n<\/div><!-- .row (end) -->\n<div class=\"row \">\n<div class=\"span4 \"><div class=\"banner-wrap \"><figure class=\"featured-thumbnail\"><a href=\"http:\/\/www.cotomac.com\/pt\/servicos\/fabricacao\/\" title=\"\"><img src=\"https:\/\/www.cotomac.com\/pt\/wp-content\/uploads\/sites\/5\/2014\/01\/fabricacion-peq.jpg\" title=\"\" alt=\"\" \/><\/a><\/figure><\/div><!-- .banner-wrap (end) --><\/div>\n<div class=\"vertical-divider\"><\/div><!-- divider (end) -->\n<div class=\"span4 \"><div class=\"banner-wrap \"><figure class=\"featured-thumbnail\"><a href=\"http:\/\/www.cotomac.com\/pt\/servicos\/montagem-e-instalacao\/\" title=\"\"><img src=\"https:\/\/www.cotomac.com\/pt\/wp-content\/uploads\/sites\/5\/2014\/01\/montaje-romero.jpg\" title=\"\" alt=\"\" \/><\/a><\/figure><\/div><!-- .banner-wrap (end) --><\/div>\n<div class=\"vertical-divider\"><\/div><!-- divider (end) -->\n<div class=\"span4 \"><div class=\"banner-wrap \"><figure class=\"featured-thumbnail\"><a href=\"http:\/\/www.cotomac.com\/pt\/servicos\/manutencao-industrial\/\" title=\"\"><img src=\"https:\/\/www.cotomac.com\/pt\/wp-content\/uploads\/sites\/5\/2014\/01\/mantenimiento-romero.jpg\" title=\"\" alt=\"\" \/><\/a><\/figure><\/div><!-- .banner-wrap (end) --><\/div>\n<\/div><!-- .row (end) -->\n<div class=\"row \">\n<h2 style=\"text-align: center;\"><div class=\"span4 \">Mecaniza\u00e7\u00e3o e ajuste<\/div><\/h2>\n<\/div><!-- .row (end) -->\n<div class=\"row \">\n<div class=\"span4 \"><div class=\"banner-wrap \"><figure class=\"featured-thumbnail\"><a href=\"http:\/\/www.cotomac.com\/pt\/servicos\/mecanizacao-e-ajuste\/\" title=\"\"><img src=\"https:\/\/www.cotomac.com\/pt\/wp-content\/uploads\/sites\/5\/2015\/07\/6-e1438342013560.jpg\" title=\"\" alt=\"\" \/><\/a><\/figure><\/div><!-- .banner-wrap (end) --><\/div>\n<\/div><!-- .row (end) -->\n","protected":false},"excerpt":{"rendered":"<p>Industrias Cotomac oferecem uma ampla gama de servi\u00e7os para o sector industrial. Dependendo das suas necessidades e o estado do seu projecto, podemos acompanhar-lhe em qualquer uma das \u00e1reas de trabalho abaixo mencionadas::<\/p>\n","protected":false},"author":1,"featured_media":0,"parent":0,"menu_order":0,"comment_status":"open","ping_status":"open","template":"page-fullwidth.php","meta":{"ngg_post_thumbnail":0},"yoast_head":"<!-- This site is optimized with the Yoast SEO plugin v18.6 - https:\/\/yoast.com\/wordpress\/plugins\/seo\/ -->\n<title>SERVI\u00c7OS - Industrias Cotomac S.L.U.<\/title>\n<meta name=\"robots\" content=\"index, follow, max-snippet:-1, max-image-preview:large, max-video-preview:-1\" \/>\n<link rel=\"canonical\" href=\"https:\/\/www.cotomac.com\/pt\/servicos\/\" \/>\n<meta property=\"og:locale\" content=\"pt_PT\" \/>\n<meta property=\"og:type\" content=\"article\" \/>\n<meta property=\"og:title\" content=\"SERVI\u00c7OS - Industrias Cotomac S.L.U.\" \/>\n<meta property=\"og:description\" content=\"Industrias Cotomac oferecem uma ampla gama de servi\u00e7os para o sector industrial. Dependendo das suas necessidades e o estado do seu projecto, podemos acompanhar-lhe em qualquer uma das \u00e1reas de trabalho abaixo mencionadas::\" \/>\n<meta property=\"og:url\" content=\"https:\/\/www.cotomac.com\/pt\/servicos\/\" \/>\n<meta property=\"og:site_name\" content=\"Industrias Cotomac S.L.U.\" \/>\n<meta property=\"article:modified_time\" content=\"2015-08-19T08:35:35+00:00\" \/>\n<meta name=\"twitter:label1\" content=\"Tempo estimado de leitura\" \/>\n\t<meta name=\"twitter:data1\" content=\"1 minuto\" \/>\n<script type=\"application\/ld+json\" class=\"yoast-schema-graph\">{\"@context\":\"https:\/\/schema.org\",\"@graph\":[{\"@type\":\"WebSite\",\"@id\":\"https:\/\/www.cotomac.com\/pt\/#website\",\"url\":\"https:\/\/www.cotomac.com\/pt\/\",\"name\":\"Industrias Cotomac S.L.U.\",\"description\":\"Fabricamos principalmente todo tipo de estruturas e caldeiras de a\u00e7o inoxid\u00e1vel e a\u00e7o de carbono, e todos os tipos de instala\u00e7\u00f5es para vapor, instala\u00e7\u00f5es de ar comprimido na co-gera\u00e7\u00e3o de baixa e alta press\u00e3o, estruturas met\u00e1licas, m\u00e1quinas, etc\",\"potentialAction\":[{\"@type\":\"SearchAction\",\"target\":{\"@type\":\"EntryPoint\",\"urlTemplate\":\"https:\/\/www.cotomac.com\/pt\/?s={search_term_string}\"},\"query-input\":\"required name=search_term_string\"}],\"inLanguage\":\"pt-PT\"},{\"@type\":\"WebPage\",\"@id\":\"https:\/\/www.cotomac.com\/pt\/servicos\/#webpage\",\"url\":\"https:\/\/www.cotomac.com\/pt\/servicos\/\",\"name\":\"SERVI\u00c7OS - Industrias Cotomac S.L.U.\",\"isPartOf\":{\"@id\":\"https:\/\/www.cotomac.com\/pt\/#website\"},\"datePublished\":\"2014-01-10T08:52:36+00:00\",\"dateModified\":\"2015-08-19T08:35:35+00:00\",\"breadcrumb\":{\"@id\":\"https:\/\/www.cotomac.com\/pt\/servicos\/#breadcrumb\"},\"inLanguage\":\"pt-PT\",\"potentialAction\":[{\"@type\":\"ReadAction\",\"target\":[\"https:\/\/www.cotomac.com\/pt\/servicos\/\"]}]},{\"@type\":\"BreadcrumbList\",\"@id\":\"https:\/\/www.cotomac.com\/pt\/servicos\/#breadcrumb\",\"itemListElement\":[{\"@type\":\"ListItem\",\"position\":1,\"name\":\"Portada\",\"item\":\"https:\/\/www.cotomac.com\/pt\/\"},{\"@type\":\"ListItem\",\"position\":2,\"name\":\"SERVI\u00c7OS\"}]}]}<\/script>\n<!-- \/ Yoast SEO plugin. -->","yoast_head_json":{"title":"SERVI\u00c7OS - Industrias Cotomac S.L.U.","robots":{"index":"index","follow":"follow","max-snippet":"max-snippet:-1","max-image-preview":"max-image-preview:large","max-video-preview":"max-video-preview:-1"},"canonical":"https:\/\/www.cotomac.com\/pt\/servicos\/","og_locale":"pt_PT","og_type":"article","og_title":"SERVI\u00c7OS - Industrias Cotomac S.L.U.","og_description":"Industrias Cotomac oferecem uma ampla gama de servi\u00e7os para o sector industrial. Dependendo das suas necessidades e o estado do seu projecto, podemos acompanhar-lhe em qualquer uma das \u00e1reas de trabalho abaixo mencionadas::","og_url":"https:\/\/www.cotomac.com\/pt\/servicos\/","og_site_name":"Industrias Cotomac S.L.U.","article_modified_time":"2015-08-19T08:35:35+00:00","twitter_misc":{"Tempo estimado de leitura":"1 minuto"},"schema":{"@context":"https:\/\/schema.org","@graph":[{"@type":"WebSite","@id":"https:\/\/www.cotomac.com\/pt\/#website","url":"https:\/\/www.cotomac.com\/pt\/","name":"Industrias Cotomac S.L.U.","description":"Fabricamos principalmente todo tipo de estruturas e caldeiras de a\u00e7o inoxid\u00e1vel e a\u00e7o de carbono, e todos os tipos de instala\u00e7\u00f5es para vapor, instala\u00e7\u00f5es de ar comprimido na co-gera\u00e7\u00e3o de baixa e alta press\u00e3o, estruturas met\u00e1licas, m\u00e1quinas, etc","potentialAction":[{"@type":"SearchAction","target":{"@type":"EntryPoint","urlTemplate":"https:\/\/www.cotomac.com\/pt\/?s={search_term_string}"},"query-input":"required name=search_term_string"}],"inLanguage":"pt-PT"},{"@type":"WebPage","@id":"https:\/\/www.cotomac.com\/pt\/servicos\/#webpage","url":"https:\/\/www.cotomac.com\/pt\/servicos\/","name":"SERVI\u00c7OS - Industrias Cotomac S.L.U.","isPartOf":{"@id":"https:\/\/www.cotomac.com\/pt\/#website"},"datePublished":"2014-01-10T08:52:36+00:00","dateModified":"2015-08-19T08:35:35+00:00","breadcrumb":{"@id":"https:\/\/www.cotomac.com\/pt\/servicos\/#breadcrumb"},"inLanguage":"pt-PT","potentialAction":[{"@type":"ReadAction","target":["https:\/\/www.cotomac.com\/pt\/servicos\/"]}]},{"@type":"BreadcrumbList","@id":"https:\/\/www.cotomac.com\/pt\/servicos\/#breadcrumb","itemListElement":[{"@type":"ListItem","position":1,"name":"Portada","item":"https:\/\/www.cotomac.com\/pt\/"},{"@type":"ListItem","position":2,"name":"SERVI\u00c7OS"}]}]}},"_links":{"self":[{"href":"https:\/\/www.cotomac.com\/pt\/wp-json\/wp\/v2\/pages\/2145"}],"collection":[{"href":"https:\/\/www.cotomac.com\/pt\/wp-json\/wp\/v2\/pages"}],"about":[{"href":"https:\/\/www.cotomac.com\/pt\/wp-json\/wp\/v2\/types\/page"}],"author":[{"embeddable":true,"href":"https:\/\/www.cotomac.com\/pt\/wp-json\/wp\/v2\/users\/1"}],"replies":[{"embeddable":true,"href":"https:\/\/www.cotomac.com\/pt\/wp-json\/wp\/v2\/comments?post=2145"}],"version-history":[{"count":7,"href":"https:\/\/www.cotomac.com\/pt\/wp-json\/wp\/v2\/pages\/2145\/revisions"}],"predecessor-version":[{"id":3307,"href":"https:\/\/www.cotomac.com\/pt\/wp-json\/wp\/v2\/pages\/2145\/revisions\/3307"}],"wp:attachment":[{"href":"https:\/\/www.cotomac.com\/pt\/wp-json\/wp\/v2\/media?parent=2145"}],"curies":[{"name":"wp","href":"https:\/\/api.w.org\/{rel}","templated":true}]}}