{"id":2178,"date":"2014-01-10T11:53:06","date_gmt":"2014-01-10T11:53:06","guid":{"rendered":"http:\/\/www.cotomac.com\/?page_id=2178"},"modified":"2014-03-20T09:08:03","modified_gmt":"2014-03-20T09:08:03","slug":"fabricacao","status":"publish","type":"page","link":"https:\/\/www.cotomac.com\/pt\/servicos\/fabricacao\/","title":{"rendered":"Fabrica\u00e7\u00e3o"},"content":{"rendered":"<div class=\"row \">\n<div class=\"span12 \"><div class=\"span8 \"><h2>Fabrica\u00e7\u00e3o<\/h2>\n<p><span style=\"font-size: 16px;\">Fabrica\u00e7\u00e3o e instala\u00e7\u00e3o de tubula\u00e7\u00f5es, caldeiras e m\u00e1quinas industriais feitas \u00e0 medida.<\/span><\/p>\n<div class=\"hr\"><\/div><!-- .hr (end) -->\n<div class=\"span3 \"><h5><div class=\"banner-wrap \"><figure class=\"featured-thumbnail\"><img src=\"https:\/\/www.cotomac.com\/pt\/wp-content\/uploads\/sites\/5\/2014\/01\/paletizador2.jpg\" title=\"\" alt=\"\" \/><\/figure><\/div><!-- .banner-wrap (end) --><\/h5>\n<h5><span style=\"font-size: 16px;\"><div class=\"banner-wrap \"><figure class=\"featured-thumbnail\"><img src=\"https:\/\/www.cotomac.com\/pt\/wp-content\/uploads\/sites\/5\/2014\/01\/puente-grua-romero.jpg\" title=\"\" alt=\"\" \/><\/figure><\/div><!-- .banner-wrap (end) --><\/span><\/h5>\n<h5><div class=\"banner-wrap \"><figure class=\"featured-thumbnail\"><img src=\"https:\/\/www.cotomac.com\/pt\/wp-content\/uploads\/sites\/5\/2014\/01\/maquina-volteo.jpg\" title=\"\" alt=\"\" \/><\/figure><\/div><!-- .banner-wrap (end) --><\/h5>\n<h5><div class=\"banner-wrap \"><figure class=\"featured-thumbnail\"><img src=\"https:\/\/www.cotomac.com\/pt\/wp-content\/uploads\/sites\/5\/2014\/01\/esterilizadores3.jpg\" title=\"\" alt=\"\" \/><\/figure><\/div><!-- .banner-wrap (end) --><\/h5><\/div>\n<div class=\"span4 \"><p>&nbsp;<\/p>\n<p>&nbsp;<\/p>\n<h5>Paletizadores<\/h5>\n<p>Adapta\u00e7\u00e3o e fabrica\u00e7\u00e3o de Paletizadores.<\/p>\n<p>&nbsp;<\/p>\n<p>&nbsp;<\/p>\n<p>&nbsp;<\/p>\n<p>&nbsp;<\/p>\n<h5>PONTE GRUA<\/h5>\n<p>Fabrica\u00e7\u00e3o e instala\u00e7\u00e3o de pontesrolantes, vigas de trilho, etc., para tonelagem baixa e alta.<\/p>\n<p>&nbsp;<\/p>\n<p>&nbsp;<\/p>\n<p>&nbsp;<\/p>\n<p>&nbsp;<\/p>\n<p>&nbsp;<\/p>\n<h5>M\u00c1QUINA DE DESCARGA<\/h5>\n<p>Equipamento hidr\u00e1ulico autom\u00e1tico para viragem de contentores seja qual for o produto. Fabrica\u00e7\u00e3o para qualquer tipo de carga e tonelagem.<\/p>\n<p>&nbsp;<\/p>\n<p>&nbsp;<\/p>\n<p>&nbsp;<\/p>\n<p>&nbsp;<\/p>\n<h5>Esterilizadores<\/h5>\n<p>Fabrica\u00e7\u00e3o de esterilizadores.<\/p><\/div>\n<div class=\"span1 \"><\/div><\/div>\n<div class=\"span3 \"><h2>Contacto<\/h2>\n<p>&nbsp;<\/p>\n<div role=\"form\" class=\"wpcf7\" id=\"wpcf7-f2076-o1\" lang=\"es-ES\" dir=\"ltr\">\n<div class=\"screen-reader-response\"><p role=\"status\" aria-live=\"polite\" aria-atomic=\"true\"><\/p> <ul><\/ul><\/div>\n<form action=\"\/pt\/wp-json\/wp\/v2\/pages\/2178#wpcf7-f2076-o1\" method=\"post\" class=\"wpcf7-form init\" novalidate=\"novalidate\" data-status=\"init\">\n<div style=\"display: none;\">\n<input type=\"hidden\" name=\"_wpcf7\" value=\"2076\" \/>\n<input type=\"hidden\" name=\"_wpcf7_version\" value=\"5.5.6\" \/>\n<input type=\"hidden\" name=\"_wpcf7_locale\" value=\"es_ES\" \/>\n<input type=\"hidden\" name=\"_wpcf7_unit_tag\" value=\"wpcf7-f2076-o1\" \/>\n<input type=\"hidden\" name=\"_wpcf7_container_post\" value=\"0\" \/>\n<input type=\"hidden\" name=\"_wpcf7_posted_data_hash\" value=\"\" \/>\n<input type=\"hidden\" name=\"_wpcf7_recaptcha_response\" value=\"\" \/>\n<\/div>\n<p>O seu nome (obrigat\u00f3rio)<br \/>\n    <span class=\"wpcf7-form-control-wrap your-name\"><input type=\"text\" name=\"your-name\" value=\"\" size=\"40\" class=\"wpcf7-form-control wpcf7-text wpcf7-validates-as-required\" aria-required=\"true\" aria-invalid=\"false\" \/><\/span> <\/p>\n<p>O seu correio electr\u00f3nico (obrigat\u00f3rio)<br \/>\n    <span class=\"wpcf7-form-control-wrap your-email\"><input type=\"email\" name=\"your-email\" value=\"\" size=\"40\" class=\"wpcf7-form-control wpcf7-text wpcf7-email wpcf7-validates-as-required wpcf7-validates-as-email\" aria-required=\"true\" aria-invalid=\"false\" \/><\/span> <\/p>\n<p>A sua mensagem<br \/>\n    <span class=\"wpcf7-form-control-wrap your-message\"><textarea name=\"your-message\" cols=\"40\" rows=\"10\" class=\"wpcf7-form-control wpcf7-textarea\" aria-invalid=\"false\"><\/textarea><\/span> <\/p>\n<p><span class=\"wpcf7-form-control-wrap acceptance-108\"><span class=\"wpcf7-form-control wpcf7-acceptance\"><span class=\"wpcf7-list-item\"><input type=\"checkbox\" name=\"acceptance-108\" value=\"1\" aria-invalid=\"false\" \/><\/span><\/span><\/span>  Eu aceito <a href=\"http:\/\/www.cotomac.com\/pt\/politica-de-privacidade\/\" target=\"_blank\">Politica de privacidade<\/a><\/p>\n<p><input type=\"submit\" value=\"Enviar\" class=\"wpcf7-form-control has-spinner wpcf7-submit\" \/><\/p>\n<div class=\"wpcf7-response-output\" aria-hidden=\"true\"><\/div><\/form><\/div><\/div><\/div>\n<\/div><!-- .row (end) -->\n","protected":false},"excerpt":{"rendered":"","protected":false},"author":1,"featured_media":0,"parent":2145,"menu_order":1,"comment_status":"open","ping_status":"open","template":"page-fullwidth.php","meta":{"ngg_post_thumbnail":0},"yoast_head":"<!-- This site is optimized with the Yoast SEO plugin v18.6 - https:\/\/yoast.com\/wordpress\/plugins\/seo\/ -->\n<title>Fabrica\u00e7\u00e3o - Industrias Cotomac S.L.U.<\/title>\n<meta name=\"robots\" content=\"index, follow, max-snippet:-1, max-image-preview:large, max-video-preview:-1\" \/>\n<link rel=\"canonical\" href=\"https:\/\/www.cotomac.com\/pt\/servicos\/fabricacao\/\" \/>\n<meta property=\"og:locale\" content=\"pt_PT\" \/>\n<meta property=\"og:type\" content=\"article\" \/>\n<meta property=\"og:title\" content=\"Fabrica\u00e7\u00e3o - Industrias Cotomac S.L.U.\" \/>\n<meta property=\"og:url\" content=\"https:\/\/www.cotomac.com\/pt\/servicos\/fabricacao\/\" \/>\n<meta property=\"og:site_name\" content=\"Industrias Cotomac S.L.U.\" \/>\n<meta property=\"article:modified_time\" content=\"2014-03-20T09:08:03+00:00\" \/>\n<meta name=\"twitter:label1\" content=\"Tempo estimado de leitura\" \/>\n\t<meta name=\"twitter:data1\" content=\"1 minuto\" \/>\n<script type=\"application\/ld+json\" class=\"yoast-schema-graph\">{\"@context\":\"https:\/\/schema.org\",\"@graph\":[{\"@type\":\"WebSite\",\"@id\":\"https:\/\/www.cotomac.com\/pt\/#website\",\"url\":\"https:\/\/www.cotomac.com\/pt\/\",\"name\":\"Industrias Cotomac S.L.U.\",\"description\":\"Fabricamos principalmente todo tipo de estruturas e caldeiras de a\u00e7o inoxid\u00e1vel e a\u00e7o de carbono, e todos os tipos de instala\u00e7\u00f5es para vapor, instala\u00e7\u00f5es de ar comprimido na co-gera\u00e7\u00e3o de baixa e alta press\u00e3o, estruturas met\u00e1licas, m\u00e1quinas, etc\",\"potentialAction\":[{\"@type\":\"SearchAction\",\"target\":{\"@type\":\"EntryPoint\",\"urlTemplate\":\"https:\/\/www.cotomac.com\/pt\/?s={search_term_string}\"},\"query-input\":\"required name=search_term_string\"}],\"inLanguage\":\"pt-PT\"},{\"@type\":\"WebPage\",\"@id\":\"https:\/\/www.cotomac.com\/pt\/servicos\/fabricacao\/#webpage\",\"url\":\"https:\/\/www.cotomac.com\/pt\/servicos\/fabricacao\/\",\"name\":\"Fabrica\u00e7\u00e3o - Industrias Cotomac S.L.U.\",\"isPartOf\":{\"@id\":\"https:\/\/www.cotomac.com\/pt\/#website\"},\"datePublished\":\"2014-01-10T11:53:06+00:00\",\"dateModified\":\"2014-03-20T09:08:03+00:00\",\"breadcrumb\":{\"@id\":\"https:\/\/www.cotomac.com\/pt\/servicos\/fabricacao\/#breadcrumb\"},\"inLanguage\":\"pt-PT\",\"potentialAction\":[{\"@type\":\"ReadAction\",\"target\":[\"https:\/\/www.cotomac.com\/pt\/servicos\/fabricacao\/\"]}]},{\"@type\":\"BreadcrumbList\",\"@id\":\"https:\/\/www.cotomac.com\/pt\/servicos\/fabricacao\/#breadcrumb\",\"itemListElement\":[{\"@type\":\"ListItem\",\"position\":1,\"name\":\"Portada\",\"item\":\"https:\/\/www.cotomac.com\/pt\/\"},{\"@type\":\"ListItem\",\"position\":2,\"name\":\"SERVI\u00c7OS\",\"item\":\"https:\/\/www.cotomac.com\/pt\/servicos\/\"},{\"@type\":\"ListItem\",\"position\":3,\"name\":\"Fabrica\u00e7\u00e3o\"}]}]}<\/script>\n<!-- \/ Yoast SEO plugin. -->","yoast_head_json":{"title":"Fabrica\u00e7\u00e3o - Industrias Cotomac S.L.U.","robots":{"index":"index","follow":"follow","max-snippet":"max-snippet:-1","max-image-preview":"max-image-preview:large","max-video-preview":"max-video-preview:-1"},"canonical":"https:\/\/www.cotomac.com\/pt\/servicos\/fabricacao\/","og_locale":"pt_PT","og_type":"article","og_title":"Fabrica\u00e7\u00e3o - Industrias Cotomac S.L.U.","og_url":"https:\/\/www.cotomac.com\/pt\/servicos\/fabricacao\/","og_site_name":"Industrias Cotomac S.L.U.","article_modified_time":"2014-03-20T09:08:03+00:00","twitter_misc":{"Tempo estimado de leitura":"1 minuto"},"schema":{"@context":"https:\/\/schema.org","@graph":[{"@type":"WebSite","@id":"https:\/\/www.cotomac.com\/pt\/#website","url":"https:\/\/www.cotomac.com\/pt\/","name":"Industrias Cotomac S.L.U.","description":"Fabricamos principalmente todo tipo de estruturas e caldeiras de a\u00e7o inoxid\u00e1vel e a\u00e7o de carbono, e todos os tipos de instala\u00e7\u00f5es para vapor, instala\u00e7\u00f5es de ar comprimido na co-gera\u00e7\u00e3o de baixa e alta press\u00e3o, estruturas met\u00e1licas, m\u00e1quinas, etc","potentialAction":[{"@type":"SearchAction","target":{"@type":"EntryPoint","urlTemplate":"https:\/\/www.cotomac.com\/pt\/?s={search_term_string}"},"query-input":"required name=search_term_string"}],"inLanguage":"pt-PT"},{"@type":"WebPage","@id":"https:\/\/www.cotomac.com\/pt\/servicos\/fabricacao\/#webpage","url":"https:\/\/www.cotomac.com\/pt\/servicos\/fabricacao\/","name":"Fabrica\u00e7\u00e3o - Industrias Cotomac S.L.U.","isPartOf":{"@id":"https:\/\/www.cotomac.com\/pt\/#website"},"datePublished":"2014-01-10T11:53:06+00:00","dateModified":"2014-03-20T09:08:03+00:00","breadcrumb":{"@id":"https:\/\/www.cotomac.com\/pt\/servicos\/fabricacao\/#breadcrumb"},"inLanguage":"pt-PT","potentialAction":[{"@type":"ReadAction","target":["https:\/\/www.cotomac.com\/pt\/servicos\/fabricacao\/"]}]},{"@type":"BreadcrumbList","@id":"https:\/\/www.cotomac.com\/pt\/servicos\/fabricacao\/#breadcrumb","itemListElement":[{"@type":"ListItem","position":1,"name":"Portada","item":"https:\/\/www.cotomac.com\/pt\/"},{"@type":"ListItem","position":2,"name":"SERVI\u00c7OS","item":"https:\/\/www.cotomac.com\/pt\/servicos\/"},{"@type":"ListItem","position":3,"name":"Fabrica\u00e7\u00e3o"}]}]}},"_links":{"self":[{"href":"https:\/\/www.cotomac.com\/pt\/wp-json\/wp\/v2\/pages\/2178"}],"collection":[{"href":"https:\/\/www.cotomac.com\/pt\/wp-json\/wp\/v2\/pages"}],"about":[{"href":"https:\/\/www.cotomac.com\/pt\/wp-json\/wp\/v2\/types\/page"}],"author":[{"embeddable":true,"href":"https:\/\/www.cotomac.com\/pt\/wp-json\/wp\/v2\/users\/1"}],"replies":[{"embeddable":true,"href":"https:\/\/www.cotomac.com\/pt\/wp-json\/wp\/v2\/comments?post=2178"}],"version-history":[{"count":5,"href":"https:\/\/www.cotomac.com\/pt\/wp-json\/wp\/v2\/pages\/2178\/revisions"}],"predecessor-version":[{"id":3198,"href":"https:\/\/www.cotomac.com\/pt\/wp-json\/wp\/v2\/pages\/2178\/revisions\/3198"}],"up":[{"embeddable":true,"href":"https:\/\/www.cotomac.com\/pt\/wp-json\/wp\/v2\/pages\/2145"}],"wp:attachment":[{"href":"https:\/\/www.cotomac.com\/pt\/wp-json\/wp\/v2\/media?parent=2178"}],"curies":[{"name":"wp","href":"https:\/\/api.w.org\/{rel}","templated":true}]}}