{"id":2253,"date":"2014-01-20T11:37:49","date_gmt":"2014-01-20T11:37:49","guid":{"rendered":"http:\/\/www.cotomac.com\/?page_id=2253"},"modified":"2015-02-02T17:32:38","modified_gmt":"2015-02-02T17:32:38","slug":"manutencao-industrial","status":"publish","type":"page","link":"https:\/\/www.cotomac.com\/pt\/servicos\/manutencao-industrial\/","title":{"rendered":"Manuten\u00e7\u00e3o industrial"},"content":{"rendered":"<div class=\"row \">\n<div class=\"span8 \"><h1>Manuten\u00e7\u00e3o\u00a0industrial<\/h1>\n<p>Dispomos de uma equipa de mec\u00e2nicos especialistas para interven\u00e7\u00f5es de <strong>manuten\u00e7\u00e3o preventiva e correctiva<\/strong> de centrais el\u00e9ctricas, centrais energ\u00e9ticas, f\u00e1bricas de papel, autom\u00f3veis, etc.<\/p>\n<p>&nbsp;<\/p>\n<p>\n\n<div class=\"ngg-galleryoverview ngg-slideshow\"\n\t id=\"ngg-slideshow-3223-19369744930\"\n     data-gallery-id=\"3223\"\n     style=\"max-width: 800px; max-height: 600px;\">\n\n \t<div id=\"ngg-image-0\" class=\"ngg-gallery-slideshow-image\" style=\"height:600px\">\n\n        <a href=\"https:\/\/www.cotomac.com\/pt\/wp-content\/uploads\/sites\/5\/nggallery\/mantenimiento-industrial\/brivieca-2.jpg\"\n           title=\"\"\n           data-src=\"https:\/\/www.cotomac.com\/pt\/wp-content\/uploads\/sites\/5\/nggallery\/mantenimiento-industrial\/brivieca-2.jpg\"\n           data-thumbnail=\"https:\/\/www.cotomac.com\/pt\/wp-content\/uploads\/sites\/5\/nggallery\/mantenimiento-industrial\/thumbs\/thumbs_brivieca-2.jpg\"\n           data-image-id=\"26\"\n           data-title=\"brivieca-2\"\n           data-description=\"\"\n           class=\"ngg-fancybox\" rel=\"3223\">\n\n            <img data-image-id='26'\n                 title=\"\"\n                 alt=\"brivieca-2\"\n                 src=\"https:\/\/www.cotomac.com\/pt\/wp-content\/uploads\/sites\/5\/nggallery\/mantenimiento-industrial\/brivieca-2.jpg\"\n                 style=\"max-height: 580px;\"\/>\n        <\/a>\n\n        <\/div> \n<div id=\"ngg-image-1\" class=\"ngg-gallery-slideshow-image\" style=\"height:600px\">\n\n        <a href=\"https:\/\/www.cotomac.com\/pt\/wp-content\/uploads\/sites\/5\/nggallery\/mantenimiento-industrial\/celorrio.jpg\"\n           title=\"\"\n           data-src=\"https:\/\/www.cotomac.com\/pt\/wp-content\/uploads\/sites\/5\/nggallery\/mantenimiento-industrial\/celorrio.jpg\"\n           data-thumbnail=\"https:\/\/www.cotomac.com\/pt\/wp-content\/uploads\/sites\/5\/nggallery\/mantenimiento-industrial\/thumbs\/thumbs_celorrio.jpg\"\n           data-image-id=\"27\"\n           data-title=\"celorrio\"\n           data-description=\"\"\n           class=\"ngg-fancybox\" rel=\"3223\">\n\n            <img data-image-id='27'\n                 title=\"\"\n                 alt=\"celorrio\"\n                 src=\"https:\/\/www.cotomac.com\/pt\/wp-content\/uploads\/sites\/5\/nggallery\/mantenimiento-industrial\/celorrio.jpg\"\n                 style=\"max-height: 580px;\"\/>\n        <\/a>\n\n        <\/div> \n<div id=\"ngg-image-2\" class=\"ngg-gallery-slideshow-image\" style=\"height:600px\">\n\n        <a href=\"https:\/\/www.cotomac.com\/pt\/wp-content\/uploads\/sites\/5\/nggallery\/mantenimiento-industrial\/chimeneas-ibertisue-1.jpg\"\n           title=\"\"\n           data-src=\"https:\/\/www.cotomac.com\/pt\/wp-content\/uploads\/sites\/5\/nggallery\/mantenimiento-industrial\/chimeneas-ibertisue-1.jpg\"\n           data-thumbnail=\"https:\/\/www.cotomac.com\/pt\/wp-content\/uploads\/sites\/5\/nggallery\/mantenimiento-industrial\/thumbs\/thumbs_chimeneas-ibertisue-1.jpg\"\n           data-image-id=\"28\"\n           data-title=\"chimeneas-ibertisue-1\"\n           data-description=\"\"\n           class=\"ngg-fancybox\" rel=\"3223\">\n\n            <img data-image-id='28'\n                 title=\"\"\n                 alt=\"chimeneas-ibertisue-1\"\n                 src=\"https:\/\/www.cotomac.com\/pt\/wp-content\/uploads\/sites\/5\/nggallery\/mantenimiento-industrial\/chimeneas-ibertisue-1.jpg\"\n                 style=\"max-height: 580px;\"\/>\n        <\/a>\n\n        <\/div> \n<div id=\"ngg-image-3\" class=\"ngg-gallery-slideshow-image\" style=\"height:600px\">\n\n        <a href=\"https:\/\/www.cotomac.com\/pt\/wp-content\/uploads\/sites\/5\/nggallery\/mantenimiento-industrial\/compr-ibertissue-4.jpg\"\n           title=\"\"\n           data-src=\"https:\/\/www.cotomac.com\/pt\/wp-content\/uploads\/sites\/5\/nggallery\/mantenimiento-industrial\/compr-ibertissue-4.jpg\"\n           data-thumbnail=\"https:\/\/www.cotomac.com\/pt\/wp-content\/uploads\/sites\/5\/nggallery\/mantenimiento-industrial\/thumbs\/thumbs_compr-ibertissue-4.jpg\"\n           data-image-id=\"29\"\n           data-title=\"compr-ibertissue-4\"\n           data-description=\"\"\n           class=\"ngg-fancybox\" rel=\"3223\">\n\n            <img data-image-id='29'\n                 title=\"\"\n                 alt=\"compr-ibertissue-4\"\n                 src=\"https:\/\/www.cotomac.com\/pt\/wp-content\/uploads\/sites\/5\/nggallery\/mantenimiento-industrial\/compr-ibertissue-4.jpg\"\n                 style=\"max-height: 580px;\"\/>\n        <\/a>\n\n        <\/div> \n<div id=\"ngg-image-4\" class=\"ngg-gallery-slideshow-image\" style=\"height:600px\">\n\n        <a href=\"https:\/\/www.cotomac.com\/pt\/wp-content\/uploads\/sites\/5\/nggallery\/mantenimiento-industrial\/compr-ibertissue-5.jpg\"\n           title=\"\"\n           data-src=\"https:\/\/www.cotomac.com\/pt\/wp-content\/uploads\/sites\/5\/nggallery\/mantenimiento-industrial\/compr-ibertissue-5.jpg\"\n           data-thumbnail=\"https:\/\/www.cotomac.com\/pt\/wp-content\/uploads\/sites\/5\/nggallery\/mantenimiento-industrial\/thumbs\/thumbs_compr-ibertissue-5.jpg\"\n           data-image-id=\"30\"\n           data-title=\"compr-ibertissue-5\"\n           data-description=\"\"\n           class=\"ngg-fancybox\" rel=\"3223\">\n\n            <img data-image-id='30'\n                 title=\"\"\n                 alt=\"compr-ibertissue-5\"\n                 src=\"https:\/\/www.cotomac.com\/pt\/wp-content\/uploads\/sites\/5\/nggallery\/mantenimiento-industrial\/compr-ibertissue-5.jpg\"\n                 style=\"max-height: 580px;\"\/>\n        <\/a>\n\n        <\/div> \n<div id=\"ngg-image-5\" class=\"ngg-gallery-slideshow-image\" style=\"height:600px\">\n\n        <a href=\"https:\/\/www.cotomac.com\/pt\/wp-content\/uploads\/sites\/5\/nggallery\/mantenimiento-industrial\/deposito-viscofan-11.jpg\"\n           title=\"\"\n           data-src=\"https:\/\/www.cotomac.com\/pt\/wp-content\/uploads\/sites\/5\/nggallery\/mantenimiento-industrial\/deposito-viscofan-11.jpg\"\n           data-thumbnail=\"https:\/\/www.cotomac.com\/pt\/wp-content\/uploads\/sites\/5\/nggallery\/mantenimiento-industrial\/thumbs\/thumbs_deposito-viscofan-11.jpg\"\n           data-image-id=\"31\"\n           data-title=\"deposito-viscofan-11\"\n           data-description=\"\"\n           class=\"ngg-fancybox\" rel=\"3223\">\n\n            <img data-image-id='31'\n                 title=\"\"\n                 alt=\"deposito-viscofan-11\"\n                 src=\"https:\/\/www.cotomac.com\/pt\/wp-content\/uploads\/sites\/5\/nggallery\/mantenimiento-industrial\/deposito-viscofan-11.jpg\"\n                 style=\"max-height: 580px;\"\/>\n        <\/a>\n\n        <\/div> \n<div id=\"ngg-image-6\" class=\"ngg-gallery-slideshow-image\" style=\"height:600px\">\n\n        <a href=\"https:\/\/www.cotomac.com\/pt\/wp-content\/uploads\/sites\/5\/nggallery\/mantenimiento-industrial\/guardian.jpg\"\n           title=\"\"\n           data-src=\"https:\/\/www.cotomac.com\/pt\/wp-content\/uploads\/sites\/5\/nggallery\/mantenimiento-industrial\/guardian.jpg\"\n           data-thumbnail=\"https:\/\/www.cotomac.com\/pt\/wp-content\/uploads\/sites\/5\/nggallery\/mantenimiento-industrial\/thumbs\/thumbs_guardian.jpg\"\n           data-image-id=\"32\"\n           data-title=\"guardian\"\n           data-description=\"\"\n           class=\"ngg-fancybox\" rel=\"3223\">\n\n            <img data-image-id='32'\n                 title=\"\"\n                 alt=\"guardian\"\n                 src=\"https:\/\/www.cotomac.com\/pt\/wp-content\/uploads\/sites\/5\/nggallery\/mantenimiento-industrial\/guardian.jpg\"\n                 style=\"max-height: 580px;\"\/>\n        <\/a>\n\n        <\/div> \n<div id=\"ngg-image-7\" class=\"ngg-gallery-slideshow-image\" style=\"height:600px\">\n\n        <a href=\"https:\/\/www.cotomac.com\/pt\/wp-content\/uploads\/sites\/5\/nggallery\/mantenimiento-industrial\/guardian-3.jpg\"\n           title=\"\"\n           data-src=\"https:\/\/www.cotomac.com\/pt\/wp-content\/uploads\/sites\/5\/nggallery\/mantenimiento-industrial\/guardian-3.jpg\"\n           data-thumbnail=\"https:\/\/www.cotomac.com\/pt\/wp-content\/uploads\/sites\/5\/nggallery\/mantenimiento-industrial\/thumbs\/thumbs_guardian-3.jpg\"\n           data-image-id=\"33\"\n           data-title=\"guardian-3\"\n           data-description=\"\"\n           class=\"ngg-fancybox\" rel=\"3223\">\n\n            <img data-image-id='33'\n                 title=\"\"\n                 alt=\"guardian-3\"\n                 src=\"https:\/\/www.cotomac.com\/pt\/wp-content\/uploads\/sites\/5\/nggallery\/mantenimiento-industrial\/guardian-3.jpg\"\n                 style=\"max-height: 580px;\"\/>\n        <\/a>\n\n        <\/div> \n<div id=\"ngg-image-8\" class=\"ngg-gallery-slideshow-image\" style=\"height:600px\">\n\n        <a href=\"https:\/\/www.cotomac.com\/pt\/wp-content\/uploads\/sites\/5\/nggallery\/mantenimiento-industrial\/guardian-bombeo-2.jpg\"\n           title=\"\"\n           data-src=\"https:\/\/www.cotomac.com\/pt\/wp-content\/uploads\/sites\/5\/nggallery\/mantenimiento-industrial\/guardian-bombeo-2.jpg\"\n           data-thumbnail=\"https:\/\/www.cotomac.com\/pt\/wp-content\/uploads\/sites\/5\/nggallery\/mantenimiento-industrial\/thumbs\/thumbs_guardian-bombeo-2.jpg\"\n           data-image-id=\"34\"\n           data-title=\"guardian-bombeo-2\"\n           data-description=\"\"\n           class=\"ngg-fancybox\" rel=\"3223\">\n\n            <img data-image-id='34'\n                 title=\"\"\n                 alt=\"guardian-bombeo-2\"\n                 src=\"https:\/\/www.cotomac.com\/pt\/wp-content\/uploads\/sites\/5\/nggallery\/mantenimiento-industrial\/guardian-bombeo-2.jpg\"\n                 style=\"max-height: 580px;\"\/>\n        <\/a>\n\n        <\/div> \n<div id=\"ngg-image-9\" class=\"ngg-gallery-slideshow-image\" style=\"height:600px\">\n\n        <a href=\"https:\/\/www.cotomac.com\/pt\/wp-content\/uploads\/sites\/5\/nggallery\/mantenimiento-industrial\/heinz-2.jpg\"\n           title=\"\"\n           data-src=\"https:\/\/www.cotomac.com\/pt\/wp-content\/uploads\/sites\/5\/nggallery\/mantenimiento-industrial\/heinz-2.jpg\"\n           data-thumbnail=\"https:\/\/www.cotomac.com\/pt\/wp-content\/uploads\/sites\/5\/nggallery\/mantenimiento-industrial\/thumbs\/thumbs_heinz-2.jpg\"\n           data-image-id=\"35\"\n           data-title=\"heinz-2\"\n           data-description=\"\"\n           class=\"ngg-fancybox\" rel=\"3223\">\n\n            <img data-image-id='35'\n                 title=\"\"\n                 alt=\"heinz-2\"\n                 src=\"https:\/\/www.cotomac.com\/pt\/wp-content\/uploads\/sites\/5\/nggallery\/mantenimiento-industrial\/heinz-2.jpg\"\n                 style=\"max-height: 580px;\"\/>\n        <\/a>\n\n        <\/div> \n<div id=\"ngg-image-10\" class=\"ngg-gallery-slideshow-image\" style=\"height:600px\">\n\n        <a href=\"https:\/\/www.cotomac.com\/pt\/wp-content\/uploads\/sites\/5\/nggallery\/mantenimiento-industrial\/imagen0018.jpg\"\n           title=\"\"\n           data-src=\"https:\/\/www.cotomac.com\/pt\/wp-content\/uploads\/sites\/5\/nggallery\/mantenimiento-industrial\/imagen0018.jpg\"\n           data-thumbnail=\"https:\/\/www.cotomac.com\/pt\/wp-content\/uploads\/sites\/5\/nggallery\/mantenimiento-industrial\/thumbs\/thumbs_imagen0018.jpg\"\n           data-image-id=\"36\"\n           data-title=\"imagen0018\"\n           data-description=\"\"\n           class=\"ngg-fancybox\" rel=\"3223\">\n\n            <img data-image-id='36'\n                 title=\"\"\n                 alt=\"imagen0018\"\n                 src=\"https:\/\/www.cotomac.com\/pt\/wp-content\/uploads\/sites\/5\/nggallery\/mantenimiento-industrial\/imagen0018.jpg\"\n                 style=\"max-height: 580px;\"\/>\n        <\/a>\n\n        <\/div> \n<div id=\"ngg-image-11\" class=\"ngg-gallery-slideshow-image\" style=\"height:600px\">\n\n        <a href=\"https:\/\/www.cotomac.com\/pt\/wp-content\/uploads\/sites\/5\/nggallery\/mantenimiento-industrial\/mantenimiento-caldereria.jpg\"\n           title=\"\"\n           data-src=\"https:\/\/www.cotomac.com\/pt\/wp-content\/uploads\/sites\/5\/nggallery\/mantenimiento-industrial\/mantenimiento-caldereria.jpg\"\n           data-thumbnail=\"https:\/\/www.cotomac.com\/pt\/wp-content\/uploads\/sites\/5\/nggallery\/mantenimiento-industrial\/thumbs\/thumbs_mantenimiento-caldereria.jpg\"\n           data-image-id=\"37\"\n           data-title=\"mantenimiento-caldereria\"\n           data-description=\"\"\n           class=\"ngg-fancybox\" rel=\"3223\">\n\n            <img data-image-id='37'\n                 title=\"\"\n                 alt=\"mantenimiento-caldereria\"\n                 src=\"https:\/\/www.cotomac.com\/pt\/wp-content\/uploads\/sites\/5\/nggallery\/mantenimiento-industrial\/mantenimiento-caldereria.jpg\"\n                 style=\"max-height: 580px;\"\/>\n        <\/a>\n\n        <\/div> \n<div id=\"ngg-image-12\" class=\"ngg-gallery-slideshow-image\" style=\"height:600px\">\n\n        <a href=\"https:\/\/www.cotomac.com\/pt\/wp-content\/uploads\/sites\/5\/nggallery\/mantenimiento-industrial\/rampa-de-vapor-ibertissue.jpg\"\n           title=\"\"\n           data-src=\"https:\/\/www.cotomac.com\/pt\/wp-content\/uploads\/sites\/5\/nggallery\/mantenimiento-industrial\/rampa-de-vapor-ibertissue.jpg\"\n           data-thumbnail=\"https:\/\/www.cotomac.com\/pt\/wp-content\/uploads\/sites\/5\/nggallery\/mantenimiento-industrial\/thumbs\/thumbs_rampa-de-vapor-ibertissue.jpg\"\n           data-image-id=\"38\"\n           data-title=\"rampa-de-vapor-ibertissue\"\n           data-description=\"\"\n           class=\"ngg-fancybox\" rel=\"3223\">\n\n            <img data-image-id='38'\n                 title=\"\"\n                 alt=\"rampa-de-vapor-ibertissue\"\n                 src=\"https:\/\/www.cotomac.com\/pt\/wp-content\/uploads\/sites\/5\/nggallery\/mantenimiento-industrial\/rampa-de-vapor-ibertissue.jpg\"\n                 style=\"max-height: 580px;\"\/>\n        <\/a>\n\n        <\/div> \n<div id=\"ngg-image-13\" class=\"ngg-gallery-slideshow-image\" style=\"height:600px\">\n\n        <a href=\"https:\/\/www.cotomac.com\/pt\/wp-content\/uploads\/sites\/5\/nggallery\/mantenimiento-industrial\/urzante-4.jpg\"\n           title=\"\"\n           data-src=\"https:\/\/www.cotomac.com\/pt\/wp-content\/uploads\/sites\/5\/nggallery\/mantenimiento-industrial\/urzante-4.jpg\"\n           data-thumbnail=\"https:\/\/www.cotomac.com\/pt\/wp-content\/uploads\/sites\/5\/nggallery\/mantenimiento-industrial\/thumbs\/thumbs_urzante-4.jpg\"\n           data-image-id=\"39\"\n           data-title=\"urzante-4\"\n           data-description=\"\"\n           class=\"ngg-fancybox\" rel=\"3223\">\n\n            <img data-image-id='39'\n                 title=\"\"\n                 alt=\"urzante-4\"\n                 src=\"https:\/\/www.cotomac.com\/pt\/wp-content\/uploads\/sites\/5\/nggallery\/mantenimiento-industrial\/urzante-4.jpg\"\n                 style=\"max-height: 580px;\"\/>\n        <\/a>\n\n        <\/div> \n<div id=\"ngg-image-14\" class=\"ngg-gallery-slideshow-image\" style=\"height:600px\">\n\n        <a href=\"https:\/\/www.cotomac.com\/pt\/wp-content\/uploads\/sites\/5\/nggallery\/mantenimiento-industrial\/urzante-5.jpg\"\n           title=\"\"\n           data-src=\"https:\/\/www.cotomac.com\/pt\/wp-content\/uploads\/sites\/5\/nggallery\/mantenimiento-industrial\/urzante-5.jpg\"\n           data-thumbnail=\"https:\/\/www.cotomac.com\/pt\/wp-content\/uploads\/sites\/5\/nggallery\/mantenimiento-industrial\/thumbs\/thumbs_urzante-5.jpg\"\n           data-image-id=\"40\"\n           data-title=\"urzante-5\"\n           data-description=\"\"\n           class=\"ngg-fancybox\" rel=\"3223\">\n\n            <img data-image-id='40'\n                 title=\"\"\n                 alt=\"urzante-5\"\n                 src=\"https:\/\/www.cotomac.com\/pt\/wp-content\/uploads\/sites\/5\/nggallery\/mantenimiento-industrial\/urzante-5.jpg\"\n                 style=\"max-height: 580px;\"\/>\n        <\/a>\n\n        <\/div> \n<\/div>\n\n\n\n<\/p>\n<p>&nbsp;<\/p>\n<p>&nbsp;<\/p><\/div>\n<div class=\"span4 \"><h1>Contacto<\/h1>\n<div role=\"form\" class=\"wpcf7\" id=\"wpcf7-f2076-o1\" lang=\"es-ES\" dir=\"ltr\">\n<div class=\"screen-reader-response\"><p role=\"status\" aria-live=\"polite\" aria-atomic=\"true\"><\/p> <ul><\/ul><\/div>\n<form action=\"\/pt\/wp-json\/wp\/v2\/pages\/2253#wpcf7-f2076-o1\" method=\"post\" class=\"wpcf7-form init\" novalidate=\"novalidate\" data-status=\"init\">\n<div style=\"display: none;\">\n<input type=\"hidden\" name=\"_wpcf7\" value=\"2076\" \/>\n<input type=\"hidden\" name=\"_wpcf7_version\" value=\"5.5.6\" \/>\n<input type=\"hidden\" name=\"_wpcf7_locale\" value=\"es_ES\" \/>\n<input type=\"hidden\" name=\"_wpcf7_unit_tag\" value=\"wpcf7-f2076-o1\" \/>\n<input type=\"hidden\" name=\"_wpcf7_container_post\" value=\"0\" \/>\n<input type=\"hidden\" name=\"_wpcf7_posted_data_hash\" value=\"\" \/>\n<input type=\"hidden\" name=\"_wpcf7_recaptcha_response\" value=\"\" \/>\n<\/div>\n<p>O seu nome (obrigat\u00f3rio)<br \/>\n    <span class=\"wpcf7-form-control-wrap your-name\"><input type=\"text\" name=\"your-name\" value=\"\" size=\"40\" class=\"wpcf7-form-control wpcf7-text wpcf7-validates-as-required\" aria-required=\"true\" aria-invalid=\"false\" \/><\/span> <\/p>\n<p>O seu correio electr\u00f3nico (obrigat\u00f3rio)<br \/>\n    <span class=\"wpcf7-form-control-wrap your-email\"><input type=\"email\" name=\"your-email\" value=\"\" size=\"40\" class=\"wpcf7-form-control wpcf7-text wpcf7-email wpcf7-validates-as-required wpcf7-validates-as-email\" aria-required=\"true\" aria-invalid=\"false\" \/><\/span> <\/p>\n<p>A sua mensagem<br \/>\n    <span class=\"wpcf7-form-control-wrap your-message\"><textarea name=\"your-message\" cols=\"40\" rows=\"10\" class=\"wpcf7-form-control wpcf7-textarea\" aria-invalid=\"false\"><\/textarea><\/span> <\/p>\n<p><span class=\"wpcf7-form-control-wrap acceptance-108\"><span class=\"wpcf7-form-control wpcf7-acceptance\"><span class=\"wpcf7-list-item\"><input type=\"checkbox\" name=\"acceptance-108\" value=\"1\" aria-invalid=\"false\" \/><\/span><\/span><\/span>  Eu aceito <a href=\"http:\/\/www.cotomac.com\/pt\/politica-de-privacidade\/\" target=\"_blank\">Politica de privacidade<\/a><\/p>\n<p><input type=\"submit\" value=\"Enviar\" class=\"wpcf7-form-control has-spinner wpcf7-submit\" \/><\/p>\n<div class=\"wpcf7-response-output\" aria-hidden=\"true\"><\/div><\/form><\/div><\/div>\n<\/div><!-- .row (end) -->\n","protected":false},"excerpt":{"rendered":"","protected":false},"author":1,"featured_media":0,"parent":2145,"menu_order":0,"comment_status":"open","ping_status":"open","template":"page-fullwidth.php","meta":{"ngg_post_thumbnail":0},"yoast_head":"<!-- This site is optimized with the Yoast SEO plugin v18.6 - https:\/\/yoast.com\/wordpress\/plugins\/seo\/ -->\n<title>Manuten\u00e7\u00e3o industrial - Industrias Cotomac S.L.U.<\/title>\n<meta name=\"robots\" content=\"index, follow, max-snippet:-1, max-image-preview:large, max-video-preview:-1\" \/>\n<link rel=\"canonical\" href=\"https:\/\/www.cotomac.com\/pt\/servicos\/manutencao-industrial\/\" \/>\n<meta property=\"og:locale\" content=\"pt_PT\" \/>\n<meta property=\"og:type\" content=\"article\" \/>\n<meta property=\"og:title\" content=\"Manuten\u00e7\u00e3o industrial - Industrias Cotomac S.L.U.\" \/>\n<meta property=\"og:url\" content=\"https:\/\/www.cotomac.com\/pt\/servicos\/manutencao-industrial\/\" \/>\n<meta property=\"og:site_name\" content=\"Industrias Cotomac S.L.U.\" \/>\n<meta property=\"article:modified_time\" content=\"2015-02-02T17:32:38+00:00\" \/>\n<meta property=\"og:image\" content=\"http:\/\/www.cotomac.com\/pt\/nextgen-attach_to_post\/preview\/id--3223\" \/>\n<script type=\"application\/ld+json\" class=\"yoast-schema-graph\">{\"@context\":\"https:\/\/schema.org\",\"@graph\":[{\"@type\":\"WebSite\",\"@id\":\"https:\/\/www.cotomac.com\/pt\/#website\",\"url\":\"https:\/\/www.cotomac.com\/pt\/\",\"name\":\"Industrias Cotomac S.L.U.\",\"description\":\"Fabricamos principalmente todo tipo de estruturas e caldeiras de a\u00e7o inoxid\u00e1vel e a\u00e7o de carbono, e todos os tipos de instala\u00e7\u00f5es para vapor, instala\u00e7\u00f5es de ar comprimido na co-gera\u00e7\u00e3o de baixa e alta press\u00e3o, estruturas met\u00e1licas, m\u00e1quinas, etc\",\"potentialAction\":[{\"@type\":\"SearchAction\",\"target\":{\"@type\":\"EntryPoint\",\"urlTemplate\":\"https:\/\/www.cotomac.com\/pt\/?s={search_term_string}\"},\"query-input\":\"required name=search_term_string\"}],\"inLanguage\":\"pt-PT\"},{\"@type\":\"ImageObject\",\"@id\":\"https:\/\/www.cotomac.com\/pt\/servicos\/manutencao-industrial\/#primaryimage\",\"inLanguage\":\"pt-PT\",\"url\":\"http:\/\/www.cotomac.com\/pt\/nextgen-attach_to_post\/preview\/id--3223\",\"contentUrl\":\"http:\/\/www.cotomac.com\/pt\/nextgen-attach_to_post\/preview\/id--3223\"},{\"@type\":\"WebPage\",\"@id\":\"https:\/\/www.cotomac.com\/pt\/servicos\/manutencao-industrial\/#webpage\",\"url\":\"https:\/\/www.cotomac.com\/pt\/servicos\/manutencao-industrial\/\",\"name\":\"Manuten\u00e7\u00e3o industrial - Industrias Cotomac S.L.U.\",\"isPartOf\":{\"@id\":\"https:\/\/www.cotomac.com\/pt\/#website\"},\"primaryImageOfPage\":{\"@id\":\"https:\/\/www.cotomac.com\/pt\/servicos\/manutencao-industrial\/#primaryimage\"},\"datePublished\":\"2014-01-20T11:37:49+00:00\",\"dateModified\":\"2015-02-02T17:32:38+00:00\",\"breadcrumb\":{\"@id\":\"https:\/\/www.cotomac.com\/pt\/servicos\/manutencao-industrial\/#breadcrumb\"},\"inLanguage\":\"pt-PT\",\"potentialAction\":[{\"@type\":\"ReadAction\",\"target\":[\"https:\/\/www.cotomac.com\/pt\/servicos\/manutencao-industrial\/\"]}]},{\"@type\":\"BreadcrumbList\",\"@id\":\"https:\/\/www.cotomac.com\/pt\/servicos\/manutencao-industrial\/#breadcrumb\",\"itemListElement\":[{\"@type\":\"ListItem\",\"position\":1,\"name\":\"Portada\",\"item\":\"https:\/\/www.cotomac.com\/pt\/\"},{\"@type\":\"ListItem\",\"position\":2,\"name\":\"SERVI\u00c7OS\",\"item\":\"https:\/\/www.cotomac.com\/pt\/servicos\/\"},{\"@type\":\"ListItem\",\"position\":3,\"name\":\"Manuten\u00e7\u00e3o industrial\"}]}]}<\/script>\n<!-- \/ Yoast SEO plugin. -->","yoast_head_json":{"title":"Manuten\u00e7\u00e3o industrial - Industrias Cotomac S.L.U.","robots":{"index":"index","follow":"follow","max-snippet":"max-snippet:-1","max-image-preview":"max-image-preview:large","max-video-preview":"max-video-preview:-1"},"canonical":"https:\/\/www.cotomac.com\/pt\/servicos\/manutencao-industrial\/","og_locale":"pt_PT","og_type":"article","og_title":"Manuten\u00e7\u00e3o industrial - Industrias Cotomac S.L.U.","og_url":"https:\/\/www.cotomac.com\/pt\/servicos\/manutencao-industrial\/","og_site_name":"Industrias Cotomac S.L.U.","article_modified_time":"2015-02-02T17:32:38+00:00","og_image":[{"url":"http:\/\/www.cotomac.com\/pt\/nextgen-attach_to_post\/preview\/id--3223"}],"schema":{"@context":"https:\/\/schema.org","@graph":[{"@type":"WebSite","@id":"https:\/\/www.cotomac.com\/pt\/#website","url":"https:\/\/www.cotomac.com\/pt\/","name":"Industrias Cotomac S.L.U.","description":"Fabricamos principalmente todo tipo de estruturas e caldeiras de a\u00e7o inoxid\u00e1vel e a\u00e7o de carbono, e todos os tipos de instala\u00e7\u00f5es para vapor, instala\u00e7\u00f5es de ar comprimido na co-gera\u00e7\u00e3o de baixa e alta press\u00e3o, estruturas met\u00e1licas, m\u00e1quinas, etc","potentialAction":[{"@type":"SearchAction","target":{"@type":"EntryPoint","urlTemplate":"https:\/\/www.cotomac.com\/pt\/?s={search_term_string}"},"query-input":"required name=search_term_string"}],"inLanguage":"pt-PT"},{"@type":"ImageObject","@id":"https:\/\/www.cotomac.com\/pt\/servicos\/manutencao-industrial\/#primaryimage","inLanguage":"pt-PT","url":"http:\/\/www.cotomac.com\/pt\/nextgen-attach_to_post\/preview\/id--3223","contentUrl":"http:\/\/www.cotomac.com\/pt\/nextgen-attach_to_post\/preview\/id--3223"},{"@type":"WebPage","@id":"https:\/\/www.cotomac.com\/pt\/servicos\/manutencao-industrial\/#webpage","url":"https:\/\/www.cotomac.com\/pt\/servicos\/manutencao-industrial\/","name":"Manuten\u00e7\u00e3o industrial - Industrias Cotomac S.L.U.","isPartOf":{"@id":"https:\/\/www.cotomac.com\/pt\/#website"},"primaryImageOfPage":{"@id":"https:\/\/www.cotomac.com\/pt\/servicos\/manutencao-industrial\/#primaryimage"},"datePublished":"2014-01-20T11:37:49+00:00","dateModified":"2015-02-02T17:32:38+00:00","breadcrumb":{"@id":"https:\/\/www.cotomac.com\/pt\/servicos\/manutencao-industrial\/#breadcrumb"},"inLanguage":"pt-PT","potentialAction":[{"@type":"ReadAction","target":["https:\/\/www.cotomac.com\/pt\/servicos\/manutencao-industrial\/"]}]},{"@type":"BreadcrumbList","@id":"https:\/\/www.cotomac.com\/pt\/servicos\/manutencao-industrial\/#breadcrumb","itemListElement":[{"@type":"ListItem","position":1,"name":"Portada","item":"https:\/\/www.cotomac.com\/pt\/"},{"@type":"ListItem","position":2,"name":"SERVI\u00c7OS","item":"https:\/\/www.cotomac.com\/pt\/servicos\/"},{"@type":"ListItem","position":3,"name":"Manuten\u00e7\u00e3o industrial"}]}]}},"_links":{"self":[{"href":"https:\/\/www.cotomac.com\/pt\/wp-json\/wp\/v2\/pages\/2253"}],"collection":[{"href":"https:\/\/www.cotomac.com\/pt\/wp-json\/wp\/v2\/pages"}],"about":[{"href":"https:\/\/www.cotomac.com\/pt\/wp-json\/wp\/v2\/types\/page"}],"author":[{"embeddable":true,"href":"https:\/\/www.cotomac.com\/pt\/wp-json\/wp\/v2\/users\/1"}],"replies":[{"embeddable":true,"href":"https:\/\/www.cotomac.com\/pt\/wp-json\/wp\/v2\/comments?post=2253"}],"version-history":[{"count":6,"href":"https:\/\/www.cotomac.com\/pt\/wp-json\/wp\/v2\/pages\/2253\/revisions"}],"predecessor-version":[{"id":3237,"href":"https:\/\/www.cotomac.com\/pt\/wp-json\/wp\/v2\/pages\/2253\/revisions\/3237"}],"up":[{"embeddable":true,"href":"https:\/\/www.cotomac.com\/pt\/wp-json\/wp\/v2\/pages\/2145"}],"wp:attachment":[{"href":"https:\/\/www.cotomac.com\/pt\/wp-json\/wp\/v2\/media?parent=2253"}],"curies":[{"name":"wp","href":"https:\/\/api.w.org\/{rel}","templated":true}]}}