{"id":2558,"date":"2014-01-23T12:57:34","date_gmt":"2014-01-23T12:57:34","guid":{"rendered":"http:\/\/www.cotomac.com\/?page_id=2558"},"modified":"2015-08-19T10:04:25","modified_gmt":"2015-08-19T08:04:25","slug":"produtos","status":"publish","type":"page","link":"https:\/\/www.cotomac.com\/pt\/produtos\/","title":{"rendered":"Produtos"},"content":{"rendered":"<div class=\"row \"><div class=\"list styled custom-list\">\n<div class=\"span3 \"><p style=\"text-align: center;\"><a href=\"http:\/\/www.cotomac.com\/wp-content\/uploads\/2014\/01\/mecanizacion-y-ajuste-peq.jpg\"><img loading=\"lazy\" class=\"alignnone wp-image-3237 size-full\" src=\"http:\/\/www.cotomac.com\/wp-content\/uploads\/2014\/01\/mecanizacion-y-ajuste-peq.jpg\" alt=\"\" width=\"250\" height=\"100\" \/><\/a><\/p>\n<h5 style=\"text-align: center;\"><span style=\"text-decoration: underline;\">Mecaniza\u00e7\u00e3o e ajuste<br \/>\n<\/span><\/h5>\n<ul>\n<li><a href=\"http:\/\/www.cotomac.com\/pt\/mecanizacao-e-ajuste\/\">Mecaniza\u00e7\u00e3o e ajuste<\/a><\/li>\n<\/ul><\/div>\n<div class=\"span3 \"><p style=\"text-align: center;\"><a style=\"font-size: 16px;\" href=\"http:\/\/www.cotomac.com\/tuberia-para-instalaciones-de-acero-inoxidable\/\"><img loading=\"lazy\" class=\"alignnone size-full wp-image-2621\" src=\"http:\/\/www.cotomac.com\/pt\/wp-content\/uploads\/sites\/5\/2014\/01\/tuberia-industrial.jpg\" alt=\"tuberia-industrial\" width=\"250\" height=\"100\" \/><\/a><\/p>\n<h5 style=\"text-align: center;\"><span style=\"text-decoration: underline;\">Tubala\u00e7\u00e3o Industrial<\/span><\/h5>\n<ul>\n<li><a href=\"http:\/\/www.cotomac.com\/pt\/tubulacao-para-instalacoes-de-aco-inoxidavel\/\">Tubula\u00e7\u00e3o para instala\u00e7\u00f5es de a\u00e7o inoxid\u00e1vel<\/a><\/li>\n<li><a href=\"http:\/\/www.cotomac.com\/pt\/tubulacao-para-vapor\/\">Tubula\u00e7\u00e3o para vapor<\/a><\/li>\n<li><a href=\"http:\/\/www.cotomac.com\/pt\/tubulacao-para-instalacoes-de-ar-comprimido\/\">Tubula\u00e7\u00e3o para instala\u00e7\u00f5es de ar comprimido<\/a><\/li>\n<li><a href=\"http:\/\/www.cotomac.com\/pt\/tubulacao-para-sistemas-contra-incendio\/\">Tubula\u00e7\u00e3o para sistemas contra inc\u00eandio<\/a><\/li>\n<\/ul><\/div>\n<div class=\"span3 \"><p style=\"text-align: center;\"><a href=\"http:\/\/www.cotomac.com\/instalaciones-de-aire-comprimido\/\"><img loading=\"lazy\" class=\"alignnone size-full wp-image-2625\" src=\"http:\/\/www.cotomac.com\/pt\/wp-content\/uploads\/sites\/5\/2014\/01\/instalacion-industrial.jpg\" alt=\"instalacion-industrial\" width=\"250\" height=\"100\" \/><\/a><\/p>\n<h5 style=\"text-align: center;\"><span style=\"text-decoration: underline;\">Instala\u00e7\u00f5es Industriais<\/span><\/h5>\n<ul>\n<li>Instala\u00e7\u00f5es para a produ\u00e7\u00e3o de \u00e1cidos<\/li>\n<li><a href=\"http:\/\/www.cotomac.com\/pt\/sistemas-de-ar-comprimido\/\">Sistemas de ar comprimido<\/a><\/li>\n<li><a title=\"Protecci\u00f3n contra incendios\" href=\"http:\/\/www.cotomac.com\/pt\/proteccao-contra-incendio\/\">Protec\u00e7\u00e3o contra inc\u00eandio<\/a><\/li>\n<li><a href=\"http:\/\/www.cotomac.com\/pt\/planta-de-vapor\/\">Planta de vapor<\/a><\/li>\n<li><a href=\"http:\/\/www.cotomac.com\/pt\/instalacoes-inoxidaveis\/\">Instala\u00e7\u00f5es inoxid\u00e1veis<\/a><\/li>\n<li><a href=\"http:\/\/www.cotomac.com\/pt\/casas-de-bomba\/\">Casas de bomba<\/a><\/li>\n<\/ul><\/div>\n<div class=\"span3 \"><p style=\"text-align: center;\"><a href=\"http:\/\/www.cotomac.com\/escaleras-de-acero-inoxidable\/\"><img loading=\"lazy\" class=\"alignnone size-full wp-image-2626\" src=\"http:\/\/www.cotomac.com\/pt\/wp-content\/uploads\/sites\/5\/2014\/01\/escaleras-metal.jpg\" alt=\"escaleras-metal\" width=\"250\" height=\"100\" \/><\/a><\/p>\n<h5 style=\"text-align: center;\"><span style=\"text-decoration: underline;\">Estruturas met\u00e1licas<\/span><\/h5>\n<ul>\n<li><a href=\"http:\/\/www.cotomac.com\/pt\/escadarias-de-aco-inoxidavel\/\">Escadarias de a\u00e7o inoxid\u00e1vel<\/a><\/li>\n<li><a href=\"http:\/\/www.cotomac.com\/pt\/escadarias-de-aco-preto\/\">Escadarias de a\u00e7o preto<\/a><\/li>\n<li>Estruturas de A\u00e7o Inoxid\u00e1vel<\/li>\n<li>Passarelas<\/li>\n<\/ul><\/div>\n<\/div>\n<\/div><!-- .row (end) -->\n<div class=\"span12 \"><div class=\"hr\"><\/div><!-- .hr (end) --><\/div>\n<div class=\"row \"><div class=\"list styled custom-list\">\n<div class=\"span3 \"><p style=\"text-align: center;\"><a href=\"http:\/\/www.cotomac.com\/depositos-inoxidables\/\"><img loading=\"lazy\" class=\"alignnone size-full wp-image-2627\" src=\"http:\/\/www.cotomac.com\/pt\/wp-content\/uploads\/sites\/5\/2014\/01\/caldereria-romero.jpg\" alt=\"caldereria-romero\" width=\"250\" height=\"100\" \/><\/a><\/p>\n<h5 style=\"text-align: center;\"><span style=\"text-decoration: underline;\">Caldeiras<\/span><\/h5>\n<ul>\n<li><a title=\"Dep\u00f3sitos inoxidables\" href=\"http:\/\/www.cotomac.com\/pt\/depositos-inoxidaveis\/\">Dep\u00f3sitos inoxid\u00e1veis \/ Tanques inoxid\u00e1veis<\/a><\/li>\n<li><a href=\"http:\/\/www.cotomac.com\/pt\/depositos-de-carvao\/\">Dep\u00f3sitos de carv\u00e3o<\/a><\/li>\n<li>Recipientes especiais<\/li>\n<\/ul><\/div>\n<div class=\"span3 \"><p style=\"text-align: center;\"><img loading=\"lazy\" class=\"alignnone size-full wp-image-2634\" src=\"http:\/\/www.cotomac.com\/pt\/wp-content\/uploads\/sites\/5\/2014\/01\/centrales-biomasa.jpg\" alt=\"centrales-biomasa\" width=\"250\" height=\"100\" \/><\/p>\n<h5 style=\"text-align: center;\"><span style=\"text-decoration: underline;\">Energia t\u00e9rmica de Biomassa<\/span><\/h5>\n<ul>\n<li>Biomassa de Sanguesa<\/li>\n<li>Biomassa de Briviesca<\/li>\n<li>Biomassa de Miajadas<\/li>\n<\/ul><\/div>\n<div class=\"span3 \"><p style=\"text-align: center;\"><img loading=\"lazy\" class=\"alignnone size-full wp-image-2631\" src=\"http:\/\/www.cotomac.com\/pt\/wp-content\/uploads\/sites\/5\/2014\/01\/solar-termica.jpg\" alt=\"solar-termica\" width=\"250\" height=\"100\" \/><\/p>\n<h5 style=\"text-align: center;\"><span style=\"text-decoration: underline;\">Energia solar t\u00e9rmica<\/span><\/h5>\n<ul>\n<li>Solar T\u00e9rmica Majadas<\/li>\n<li>Solar T\u00e9rmica Palma de Rio<\/li>\n<li>Solar T\u00e9rmica Alvarado<\/li>\n<\/ul><\/div>\n<div class=\"span3 \"><p style=\"text-align: center;\"><a href=\"http:\/\/www.cotomac.com\/camion-semi-remolque\/\"><img loading=\"lazy\" class=\"alignnone size-full wp-image-2633\" src=\"http:\/\/www.cotomac.com\/pt\/wp-content\/uploads\/sites\/5\/2014\/01\/porta-silos.jpg\" alt=\"porta-silos\" width=\"250\" height=\"100\" \/><\/a><\/p>\n<h5 style=\"text-align: center;\"><span style=\"text-decoration: underline;\">Trailer<\/span><\/h5>\n<ul>\n<li><a href=\"http:\/\/www.cotomac.com\/pt\/caminhao-rigido\/\">Caminh\u00e3o r\u00edgido<\/a><\/li>\n<li><a title=\"Cami\u00f3n semi-remolque\" href=\"http:\/\/www.cotomac.com\/pt\/caminhao-semi-reboque\/\">Caminh\u00e3o semi-reboque<\/a><\/li>\n<\/ul><\/div>\n<\/div><\/div><!-- .row (end) -->\n<div class=\"span12 \"><div class=\"hr\"><\/div><!-- .hr (end) --><\/div>\n<div class=\"row \"><div class=\"list styled custom-list\">\n<div class=\"span3 \"><p style=\"text-align: center;\"><img loading=\"lazy\" class=\"alignnone size-full wp-image-2698\" src=\"http:\/\/www.cotomac.com\/pt\/wp-content\/uploads\/sites\/5\/2014\/01\/cogeneration.jpg\" alt=\"cogeneration\" width=\"250\" height=\"100\" \/><\/p>\n<h5 style=\"text-align: center;\"><span style=\"text-decoration: underline;\">Co-gera\u00e7\u00e3o<\/span><\/h5>\n<ul>\n<li>Esta\u00e7\u00f5es de co-gera\u00e7\u00e3o<\/li>\n<\/ul><\/div>\n<p>&nbsp;<\/p>\n<\/div><\/div><!-- .row (end) -->\n","protected":false},"excerpt":{"rendered":"","protected":false},"author":1,"featured_media":0,"parent":0,"menu_order":0,"comment_status":"open","ping_status":"open","template":"page-fullwidth.php","meta":{"ngg_post_thumbnail":0},"yoast_head":"<!-- This site is optimized with the Yoast SEO plugin v18.6 - https:\/\/yoast.com\/wordpress\/plugins\/seo\/ -->\n<title>Produtos - Industrias Cotomac S.L.U.<\/title>\n<meta name=\"robots\" content=\"index, follow, max-snippet:-1, max-image-preview:large, max-video-preview:-1\" \/>\n<link rel=\"canonical\" href=\"https:\/\/www.cotomac.com\/pt\/produtos\/\" \/>\n<meta property=\"og:locale\" content=\"pt_PT\" \/>\n<meta property=\"og:type\" content=\"article\" \/>\n<meta property=\"og:title\" content=\"Produtos - Industrias Cotomac S.L.U.\" \/>\n<meta property=\"og:url\" content=\"https:\/\/www.cotomac.com\/pt\/produtos\/\" \/>\n<meta property=\"og:site_name\" content=\"Industrias Cotomac S.L.U.\" \/>\n<meta property=\"article:modified_time\" content=\"2015-08-19T08:04:25+00:00\" \/>\n<meta property=\"og:image\" content=\"http:\/\/www.cotomac.com\/wp-content\/uploads\/2014\/01\/mecanizacion-y-ajuste-peq.jpg\" \/>\n<meta name=\"twitter:label1\" content=\"Tempo estimado de leitura\" \/>\n\t<meta name=\"twitter:data1\" content=\"1 minuto\" \/>\n<script type=\"application\/ld+json\" class=\"yoast-schema-graph\">{\"@context\":\"https:\/\/schema.org\",\"@graph\":[{\"@type\":\"WebSite\",\"@id\":\"https:\/\/www.cotomac.com\/pt\/#website\",\"url\":\"https:\/\/www.cotomac.com\/pt\/\",\"name\":\"Industrias Cotomac S.L.U.\",\"description\":\"Fabricamos principalmente todo tipo de estruturas e caldeiras de a\u00e7o inoxid\u00e1vel e a\u00e7o de carbono, e todos os tipos de instala\u00e7\u00f5es para vapor, instala\u00e7\u00f5es de ar comprimido na co-gera\u00e7\u00e3o de baixa e alta press\u00e3o, estruturas met\u00e1licas, m\u00e1quinas, etc\",\"potentialAction\":[{\"@type\":\"SearchAction\",\"target\":{\"@type\":\"EntryPoint\",\"urlTemplate\":\"https:\/\/www.cotomac.com\/pt\/?s={search_term_string}\"},\"query-input\":\"required name=search_term_string\"}],\"inLanguage\":\"pt-PT\"},{\"@type\":\"ImageObject\",\"@id\":\"https:\/\/www.cotomac.com\/pt\/produtos\/#primaryimage\",\"inLanguage\":\"pt-PT\",\"url\":\"http:\/\/www.cotomac.com\/wp-content\/uploads\/2014\/01\/mecanizacion-y-ajuste-peq.jpg\",\"contentUrl\":\"http:\/\/www.cotomac.com\/wp-content\/uploads\/2014\/01\/mecanizacion-y-ajuste-peq.jpg\"},{\"@type\":\"WebPage\",\"@id\":\"https:\/\/www.cotomac.com\/pt\/produtos\/#webpage\",\"url\":\"https:\/\/www.cotomac.com\/pt\/produtos\/\",\"name\":\"Produtos - Industrias Cotomac S.L.U.\",\"isPartOf\":{\"@id\":\"https:\/\/www.cotomac.com\/pt\/#website\"},\"primaryImageOfPage\":{\"@id\":\"https:\/\/www.cotomac.com\/pt\/produtos\/#primaryimage\"},\"datePublished\":\"2014-01-23T12:57:34+00:00\",\"dateModified\":\"2015-08-19T08:04:25+00:00\",\"breadcrumb\":{\"@id\":\"https:\/\/www.cotomac.com\/pt\/produtos\/#breadcrumb\"},\"inLanguage\":\"pt-PT\",\"potentialAction\":[{\"@type\":\"ReadAction\",\"target\":[\"https:\/\/www.cotomac.com\/pt\/produtos\/\"]}]},{\"@type\":\"BreadcrumbList\",\"@id\":\"https:\/\/www.cotomac.com\/pt\/produtos\/#breadcrumb\",\"itemListElement\":[{\"@type\":\"ListItem\",\"position\":1,\"name\":\"Portada\",\"item\":\"https:\/\/www.cotomac.com\/pt\/\"},{\"@type\":\"ListItem\",\"position\":2,\"name\":\"Produtos\"}]}]}<\/script>\n<!-- \/ Yoast SEO plugin. -->","yoast_head_json":{"title":"Produtos - Industrias Cotomac S.L.U.","robots":{"index":"index","follow":"follow","max-snippet":"max-snippet:-1","max-image-preview":"max-image-preview:large","max-video-preview":"max-video-preview:-1"},"canonical":"https:\/\/www.cotomac.com\/pt\/produtos\/","og_locale":"pt_PT","og_type":"article","og_title":"Produtos - Industrias Cotomac S.L.U.","og_url":"https:\/\/www.cotomac.com\/pt\/produtos\/","og_site_name":"Industrias Cotomac S.L.U.","article_modified_time":"2015-08-19T08:04:25+00:00","og_image":[{"url":"http:\/\/www.cotomac.com\/wp-content\/uploads\/2014\/01\/mecanizacion-y-ajuste-peq.jpg"}],"twitter_misc":{"Tempo estimado de leitura":"1 minuto"},"schema":{"@context":"https:\/\/schema.org","@graph":[{"@type":"WebSite","@id":"https:\/\/www.cotomac.com\/pt\/#website","url":"https:\/\/www.cotomac.com\/pt\/","name":"Industrias Cotomac S.L.U.","description":"Fabricamos principalmente todo tipo de estruturas e caldeiras de a\u00e7o inoxid\u00e1vel e a\u00e7o de carbono, e todos os tipos de instala\u00e7\u00f5es para vapor, instala\u00e7\u00f5es de ar comprimido na co-gera\u00e7\u00e3o de baixa e alta press\u00e3o, estruturas met\u00e1licas, m\u00e1quinas, etc","potentialAction":[{"@type":"SearchAction","target":{"@type":"EntryPoint","urlTemplate":"https:\/\/www.cotomac.com\/pt\/?s={search_term_string}"},"query-input":"required name=search_term_string"}],"inLanguage":"pt-PT"},{"@type":"ImageObject","@id":"https:\/\/www.cotomac.com\/pt\/produtos\/#primaryimage","inLanguage":"pt-PT","url":"http:\/\/www.cotomac.com\/wp-content\/uploads\/2014\/01\/mecanizacion-y-ajuste-peq.jpg","contentUrl":"http:\/\/www.cotomac.com\/wp-content\/uploads\/2014\/01\/mecanizacion-y-ajuste-peq.jpg"},{"@type":"WebPage","@id":"https:\/\/www.cotomac.com\/pt\/produtos\/#webpage","url":"https:\/\/www.cotomac.com\/pt\/produtos\/","name":"Produtos - Industrias Cotomac S.L.U.","isPartOf":{"@id":"https:\/\/www.cotomac.com\/pt\/#website"},"primaryImageOfPage":{"@id":"https:\/\/www.cotomac.com\/pt\/produtos\/#primaryimage"},"datePublished":"2014-01-23T12:57:34+00:00","dateModified":"2015-08-19T08:04:25+00:00","breadcrumb":{"@id":"https:\/\/www.cotomac.com\/pt\/produtos\/#breadcrumb"},"inLanguage":"pt-PT","potentialAction":[{"@type":"ReadAction","target":["https:\/\/www.cotomac.com\/pt\/produtos\/"]}]},{"@type":"BreadcrumbList","@id":"https:\/\/www.cotomac.com\/pt\/produtos\/#breadcrumb","itemListElement":[{"@type":"ListItem","position":1,"name":"Portada","item":"https:\/\/www.cotomac.com\/pt\/"},{"@type":"ListItem","position":2,"name":"Produtos"}]}]}},"_links":{"self":[{"href":"https:\/\/www.cotomac.com\/pt\/wp-json\/wp\/v2\/pages\/2558"}],"collection":[{"href":"https:\/\/www.cotomac.com\/pt\/wp-json\/wp\/v2\/pages"}],"about":[{"href":"https:\/\/www.cotomac.com\/pt\/wp-json\/wp\/v2\/types\/page"}],"author":[{"embeddable":true,"href":"https:\/\/www.cotomac.com\/pt\/wp-json\/wp\/v2\/users\/1"}],"replies":[{"embeddable":true,"href":"https:\/\/www.cotomac.com\/pt\/wp-json\/wp\/v2\/comments?post=2558"}],"version-history":[{"count":23,"href":"https:\/\/www.cotomac.com\/pt\/wp-json\/wp\/v2\/pages\/2558\/revisions"}],"predecessor-version":[{"id":3300,"href":"https:\/\/www.cotomac.com\/pt\/wp-json\/wp\/v2\/pages\/2558\/revisions\/3300"}],"wp:attachment":[{"href":"https:\/\/www.cotomac.com\/pt\/wp-json\/wp\/v2\/media?parent=2558"}],"curies":[{"name":"wp","href":"https:\/\/api.w.org\/{rel}","templated":true}]}}