{"id":2588,"date":"2014-01-23T17:42:38","date_gmt":"2014-01-23T17:42:38","guid":{"rendered":"http:\/\/www.cotomac.com\/?page_id=2588"},"modified":"2015-02-02T17:46:57","modified_gmt":"2015-02-02T17:46:57","slug":"caminhao-rigido","status":"publish","type":"page","link":"https:\/\/www.cotomac.com\/pt\/caminhao-rigido\/","title":{"rendered":"Caminh\u00e3o r\u00edgido"},"content":{"rendered":"<div class=\"row \">\n<div class=\"span12 \"><div class=\"span6 \">\n\n\t<div class='ngg-imagebrowser'\n         id='ngg-imagebrowser-2617-2588'\n         data-nextgen-gallery-id=\"2617\">\n\n        <h3>Caminh\u00e3o r\u00edgido<\/h3>\n\n        <div id=\"ngg-image-0\" class=\"pic\" >\n\n        <a href='https:\/\/www.cotomac.com\/pt\/wp-content\/uploads\/sites\/5\/nggallery\/camion-rigido\/camion-rigido-1.jpg'\n           title=' '\n           data-src=\"https:\/\/www.cotomac.com\/pt\/wp-content\/uploads\/sites\/5\/nggallery\/camion-rigido\/camion-rigido-1.jpg\"\n           data-thumbnail=\"https:\/\/www.cotomac.com\/pt\/wp-content\/uploads\/sites\/5\/nggallery\/camion-rigido\/thumbs\/thumbs_camion-rigido-1.jpg\"\n           data-image-id=\"183\"\n           data-title=\"Caminh\u00e3o r\u00edgido\"\n           data-description=\" \"\n           class=\"ngg-fancybox\" rel=\"2617\">\n            <img title='Caminh\u00e3o r\u00edgido'\n                 alt='Caminh\u00e3o r\u00edgido'\n                 src='https:\/\/www.cotomac.com\/pt\/wp-content\/uploads\/sites\/5\/nggallery\/camion-rigido\/camion-rigido-1.jpg'\/>\n        <\/a>\n\n        <\/div> \n\n        <div class='ngg-imagebrowser-nav'>\n\n            <div class='back'>\n                <a class='ngg-browser-prev'\n                   id='ngg-prev-187'\n                   href='https:\/\/www.cotomac.com\/pt\/caminhao-rigido\/nggallery\/image\/camion-rigido-5\/'>\n                    &#9668; Back                <\/a>\n            <\/div>\n\n            <div class='next'>\n                <a class='ngg-browser-next'\n                   id='ngg-next-184'\n                   href='https:\/\/www.cotomac.com\/pt\/caminhao-rigido\/nggallery\/image\/camion-rigido-2\/'>\n                    Next                    &#9658;\n                <\/a>\n            <\/div>\n\n            <div class='counter'>\n                Picture                1                of                5            <\/div>\n\n            <div class='ngg-imagebrowser-desc'>\n                <p> <\/p>\n            <\/div>\n\n        <\/div>\n    <\/div>\n\n<\/p>\n<p>&nbsp;<\/p>\n<p>&nbsp;<\/p><\/div>\n<div class=\"span1 \"><div class=\"vertical-divider\"><\/div><!-- divider (end) --><\/div>\n<div class=\"span5 \"><h2>CONTACTE-NOS:<\/h2>\n<div role=\"form\" class=\"wpcf7\" id=\"wpcf7-f2076-o1\" lang=\"es-ES\" dir=\"ltr\">\n<div class=\"screen-reader-response\"><p role=\"status\" aria-live=\"polite\" aria-atomic=\"true\"><\/p> <ul><\/ul><\/div>\n<form action=\"\/pt\/wp-json\/wp\/v2\/pages\/2588#wpcf7-f2076-o1\" method=\"post\" class=\"wpcf7-form init\" novalidate=\"novalidate\" data-status=\"init\">\n<div style=\"display: none;\">\n<input type=\"hidden\" name=\"_wpcf7\" value=\"2076\" \/>\n<input type=\"hidden\" name=\"_wpcf7_version\" value=\"5.5.6\" \/>\n<input type=\"hidden\" name=\"_wpcf7_locale\" value=\"es_ES\" \/>\n<input type=\"hidden\" name=\"_wpcf7_unit_tag\" value=\"wpcf7-f2076-o1\" \/>\n<input type=\"hidden\" name=\"_wpcf7_container_post\" value=\"0\" \/>\n<input type=\"hidden\" name=\"_wpcf7_posted_data_hash\" value=\"\" \/>\n<input type=\"hidden\" name=\"_wpcf7_recaptcha_response\" value=\"\" \/>\n<\/div>\n<p>O seu nome (obrigat\u00f3rio)<br \/>\n    <span class=\"wpcf7-form-control-wrap your-name\"><input type=\"text\" name=\"your-name\" value=\"\" size=\"40\" class=\"wpcf7-form-control wpcf7-text wpcf7-validates-as-required\" aria-required=\"true\" aria-invalid=\"false\" \/><\/span> <\/p>\n<p>O seu correio electr\u00f3nico (obrigat\u00f3rio)<br \/>\n    <span class=\"wpcf7-form-control-wrap your-email\"><input type=\"email\" name=\"your-email\" value=\"\" size=\"40\" class=\"wpcf7-form-control wpcf7-text wpcf7-email wpcf7-validates-as-required wpcf7-validates-as-email\" aria-required=\"true\" aria-invalid=\"false\" \/><\/span> <\/p>\n<p>A sua mensagem<br \/>\n    <span class=\"wpcf7-form-control-wrap your-message\"><textarea name=\"your-message\" cols=\"40\" rows=\"10\" class=\"wpcf7-form-control wpcf7-textarea\" aria-invalid=\"false\"><\/textarea><\/span> <\/p>\n<p><span class=\"wpcf7-form-control-wrap acceptance-108\"><span class=\"wpcf7-form-control wpcf7-acceptance\"><span class=\"wpcf7-list-item\"><input type=\"checkbox\" name=\"acceptance-108\" value=\"1\" aria-invalid=\"false\" \/><\/span><\/span><\/span>  Eu aceito <a href=\"http:\/\/www.cotomac.com\/pt\/politica-de-privacidade\/\" target=\"_blank\">Politica de privacidade<\/a><\/p>\n<p><input type=\"submit\" value=\"Enviar\" class=\"wpcf7-form-control has-spinner wpcf7-submit\" \/><\/p>\n<div class=\"wpcf7-response-output\" aria-hidden=\"true\"><\/div><\/form><\/div><\/div><\/div>\n<\/div><!-- .row (end) -->\n","protected":false},"excerpt":{"rendered":"","protected":false},"author":1,"featured_media":0,"parent":0,"menu_order":0,"comment_status":"open","ping_status":"open","template":"page-fullwidth.php","meta":{"ngg_post_thumbnail":0},"yoast_head":"<!-- This site is optimized with the Yoast SEO plugin v18.6 - https:\/\/yoast.com\/wordpress\/plugins\/seo\/ -->\n<title>Caminh\u00e3o r\u00edgido - Industrias Cotomac S.L.U.<\/title>\n<meta name=\"robots\" content=\"index, follow, max-snippet:-1, max-image-preview:large, max-video-preview:-1\" \/>\n<link rel=\"canonical\" href=\"https:\/\/www.cotomac.com\/pt\/caminhao-rigido\/\" \/>\n<meta property=\"og:locale\" content=\"pt_PT\" \/>\n<meta property=\"og:type\" content=\"article\" \/>\n<meta property=\"og:title\" content=\"Caminh\u00e3o r\u00edgido - Industrias Cotomac S.L.U.\" \/>\n<meta property=\"og:url\" content=\"https:\/\/www.cotomac.com\/pt\/caminhao-rigido\/\" \/>\n<meta property=\"og:site_name\" content=\"Industrias Cotomac S.L.U.\" \/>\n<meta property=\"article:modified_time\" content=\"2015-02-02T17:46:57+00:00\" \/>\n<meta property=\"og:image\" content=\"http:\/\/www.cotomac.com\/pt\/nextgen-attach_to_post\/preview\/id--2617\" \/>\n<script type=\"application\/ld+json\" class=\"yoast-schema-graph\">{\"@context\":\"https:\/\/schema.org\",\"@graph\":[{\"@type\":\"WebSite\",\"@id\":\"https:\/\/www.cotomac.com\/pt\/#website\",\"url\":\"https:\/\/www.cotomac.com\/pt\/\",\"name\":\"Industrias Cotomac S.L.U.\",\"description\":\"Fabricamos principalmente todo tipo de estruturas e caldeiras de a\u00e7o inoxid\u00e1vel e a\u00e7o de carbono, e todos os tipos de instala\u00e7\u00f5es para vapor, instala\u00e7\u00f5es de ar comprimido na co-gera\u00e7\u00e3o de baixa e alta press\u00e3o, estruturas met\u00e1licas, m\u00e1quinas, etc\",\"potentialAction\":[{\"@type\":\"SearchAction\",\"target\":{\"@type\":\"EntryPoint\",\"urlTemplate\":\"https:\/\/www.cotomac.com\/pt\/?s={search_term_string}\"},\"query-input\":\"required name=search_term_string\"}],\"inLanguage\":\"pt-PT\"},{\"@type\":\"ImageObject\",\"@id\":\"https:\/\/www.cotomac.com\/pt\/caminhao-rigido\/#primaryimage\",\"inLanguage\":\"pt-PT\",\"url\":\"http:\/\/www.cotomac.com\/pt\/nextgen-attach_to_post\/preview\/id--2617\",\"contentUrl\":\"http:\/\/www.cotomac.com\/pt\/nextgen-attach_to_post\/preview\/id--2617\"},{\"@type\":\"WebPage\",\"@id\":\"https:\/\/www.cotomac.com\/pt\/caminhao-rigido\/#webpage\",\"url\":\"https:\/\/www.cotomac.com\/pt\/caminhao-rigido\/\",\"name\":\"Caminh\u00e3o r\u00edgido - Industrias Cotomac S.L.U.\",\"isPartOf\":{\"@id\":\"https:\/\/www.cotomac.com\/pt\/#website\"},\"primaryImageOfPage\":{\"@id\":\"https:\/\/www.cotomac.com\/pt\/caminhao-rigido\/#primaryimage\"},\"datePublished\":\"2014-01-23T17:42:38+00:00\",\"dateModified\":\"2015-02-02T17:46:57+00:00\",\"breadcrumb\":{\"@id\":\"https:\/\/www.cotomac.com\/pt\/caminhao-rigido\/#breadcrumb\"},\"inLanguage\":\"pt-PT\",\"potentialAction\":[{\"@type\":\"ReadAction\",\"target\":[\"https:\/\/www.cotomac.com\/pt\/caminhao-rigido\/\"]}]},{\"@type\":\"BreadcrumbList\",\"@id\":\"https:\/\/www.cotomac.com\/pt\/caminhao-rigido\/#breadcrumb\",\"itemListElement\":[{\"@type\":\"ListItem\",\"position\":1,\"name\":\"Portada\",\"item\":\"https:\/\/www.cotomac.com\/pt\/\"},{\"@type\":\"ListItem\",\"position\":2,\"name\":\"Caminh\u00e3o r\u00edgido\"}]}]}<\/script>\n<!-- \/ Yoast SEO plugin. -->","yoast_head_json":{"title":"Caminh\u00e3o r\u00edgido - Industrias Cotomac S.L.U.","robots":{"index":"index","follow":"follow","max-snippet":"max-snippet:-1","max-image-preview":"max-image-preview:large","max-video-preview":"max-video-preview:-1"},"canonical":"https:\/\/www.cotomac.com\/pt\/caminhao-rigido\/","og_locale":"pt_PT","og_type":"article","og_title":"Caminh\u00e3o r\u00edgido - Industrias Cotomac S.L.U.","og_url":"https:\/\/www.cotomac.com\/pt\/caminhao-rigido\/","og_site_name":"Industrias Cotomac S.L.U.","article_modified_time":"2015-02-02T17:46:57+00:00","og_image":[{"url":"http:\/\/www.cotomac.com\/pt\/nextgen-attach_to_post\/preview\/id--2617"}],"schema":{"@context":"https:\/\/schema.org","@graph":[{"@type":"WebSite","@id":"https:\/\/www.cotomac.com\/pt\/#website","url":"https:\/\/www.cotomac.com\/pt\/","name":"Industrias Cotomac S.L.U.","description":"Fabricamos principalmente todo tipo de estruturas e caldeiras de a\u00e7o inoxid\u00e1vel e a\u00e7o de carbono, e todos os tipos de instala\u00e7\u00f5es para vapor, instala\u00e7\u00f5es de ar comprimido na co-gera\u00e7\u00e3o de baixa e alta press\u00e3o, estruturas met\u00e1licas, m\u00e1quinas, etc","potentialAction":[{"@type":"SearchAction","target":{"@type":"EntryPoint","urlTemplate":"https:\/\/www.cotomac.com\/pt\/?s={search_term_string}"},"query-input":"required name=search_term_string"}],"inLanguage":"pt-PT"},{"@type":"ImageObject","@id":"https:\/\/www.cotomac.com\/pt\/caminhao-rigido\/#primaryimage","inLanguage":"pt-PT","url":"http:\/\/www.cotomac.com\/pt\/nextgen-attach_to_post\/preview\/id--2617","contentUrl":"http:\/\/www.cotomac.com\/pt\/nextgen-attach_to_post\/preview\/id--2617"},{"@type":"WebPage","@id":"https:\/\/www.cotomac.com\/pt\/caminhao-rigido\/#webpage","url":"https:\/\/www.cotomac.com\/pt\/caminhao-rigido\/","name":"Caminh\u00e3o r\u00edgido - Industrias Cotomac S.L.U.","isPartOf":{"@id":"https:\/\/www.cotomac.com\/pt\/#website"},"primaryImageOfPage":{"@id":"https:\/\/www.cotomac.com\/pt\/caminhao-rigido\/#primaryimage"},"datePublished":"2014-01-23T17:42:38+00:00","dateModified":"2015-02-02T17:46:57+00:00","breadcrumb":{"@id":"https:\/\/www.cotomac.com\/pt\/caminhao-rigido\/#breadcrumb"},"inLanguage":"pt-PT","potentialAction":[{"@type":"ReadAction","target":["https:\/\/www.cotomac.com\/pt\/caminhao-rigido\/"]}]},{"@type":"BreadcrumbList","@id":"https:\/\/www.cotomac.com\/pt\/caminhao-rigido\/#breadcrumb","itemListElement":[{"@type":"ListItem","position":1,"name":"Portada","item":"https:\/\/www.cotomac.com\/pt\/"},{"@type":"ListItem","position":2,"name":"Caminh\u00e3o r\u00edgido"}]}]}},"_links":{"self":[{"href":"https:\/\/www.cotomac.com\/pt\/wp-json\/wp\/v2\/pages\/2588"}],"collection":[{"href":"https:\/\/www.cotomac.com\/pt\/wp-json\/wp\/v2\/pages"}],"about":[{"href":"https:\/\/www.cotomac.com\/pt\/wp-json\/wp\/v2\/types\/page"}],"author":[{"embeddable":true,"href":"https:\/\/www.cotomac.com\/pt\/wp-json\/wp\/v2\/users\/1"}],"replies":[{"embeddable":true,"href":"https:\/\/www.cotomac.com\/pt\/wp-json\/wp\/v2\/comments?post=2588"}],"version-history":[{"count":3,"href":"https:\/\/www.cotomac.com\/pt\/wp-json\/wp\/v2\/pages\/2588\/revisions"}],"predecessor-version":[{"id":3254,"href":"https:\/\/www.cotomac.com\/pt\/wp-json\/wp\/v2\/pages\/2588\/revisions\/3254"}],"wp:attachment":[{"href":"https:\/\/www.cotomac.com\/pt\/wp-json\/wp\/v2\/media?parent=2588"}],"curies":[{"name":"wp","href":"https:\/\/api.w.org\/{rel}","templated":true}]}}