{"id":2828,"date":"2014-02-07T08:19:53","date_gmt":"2014-02-07T08:19:53","guid":{"rendered":"http:\/\/www.cotomac.com\/?page_id=2828"},"modified":"2014-03-21T08:54:17","modified_gmt":"2014-03-21T08:54:17","slug":"politica-de-privacidade","status":"publish","type":"page","link":"https:\/\/www.cotomac.com\/pt\/politica-de-privacidade\/","title":{"rendered":"Pol\u00edtica de Privacidade"},"content":{"rendered":"<h1>Pol\u00edtica de Privacidade<\/h1>\n<p>Montajes e Ingenier\u00eda Romero S.L. informa \u00e0 continua\u00e7\u00e3o sobre a sua pol\u00edtica de privacidade aplicada aos dados pessoais. De esta maneira, todos os dados pessoais que tenha sobre a sua responsabilidade ser\u00e3o tratados no cumprimento do estabelecido na Lei 15\/1999, de 13 de Dezembro, de Protec\u00e7\u00e3o de Dados de car\u00e1cter Pessoal e as devidas provid\u00eancias de seguran\u00e7a e confidencialidade do mesmo ser\u00e1 salvo. \u00a0A visita ao site www.cotomac.com n\u00e3o significa que o usu\u00e1rio deva fornecer qualquer informa\u00e7\u00e3o sobre a sua identidade, sendo totalmente an\u00f3nima e, em nenhum caso, pode ser associada a um utilizador espec\u00edfico. \u00a0No caso de dados de car\u00e1cter pessoal fornecidos, os dados ser\u00e3o colectados e usados de acordo com as limita\u00e7\u00f5es e direitos contidos na referida norma de protec\u00e7\u00e3o de dados. \u00a0Os utilizadores que forne\u00e7am dados pessoais consentem de forma clara, exacta e inequ\u00edvoca estas condi\u00e7\u00f5es.<\/p>\n<h3>1. Recolha de dados<\/h3>\n<p>A recolha de dados de car\u00e1cter pessoal \u00e9 feita \u00fanica e exclusivamente atrav\u00e9s dos formul\u00e1rios publicados no site e de e-mails que os utilizadores possam enviar a Montajes e Ingenier\u00eda Romero S.L. os quais ser\u00e3o inclu\u00eddos numa base de dados. \u00a0 Os arquivos pertencentes a Montajes e Ingenier\u00eda Romero S.L. est\u00e3o inscritos no Registo Geral da Ag\u00eancia de Protec\u00e7\u00e3o de Dados espanhola, que \u00e9 acess\u00edvel ao usu\u00e1rio ou visitante para verificar o estado desses. \u00a0Montajes e Ingenier\u00eda Romero S.L. reten os seus dados ap\u00f3s o relacionamento com o usu\u00e1rio para cumprir os requisitos legais necess\u00e1rios. Por sua vez, deve cancelar os dados recolhidos quando deixar\u00e1 de ser necess\u00e1rio para os fins para que foram colectados.<\/p>\n<h3>2. Seguran\u00e7a da Informa\u00e7\u00e3o<\/h3>\n<p>Montajes e Ingenier\u00eda Romero S.L. desenvolveu todos os sistemas e medidas t\u00e9cnicas e organizacionais \u00e0 sua disposi\u00e7\u00e3o, no \u00e2mbito das regras de protec\u00e7\u00e3o de dados pessoais para evitar a perda, mau uso, altera\u00e7\u00e3o, acesso n\u00e3o autorizado e roubo dos dados pessoais fornecidos pelo usu\u00e1rio ou visitante. \u00a0 No entanto, o usu\u00e1rio ou visitante deve estar ciente de que as medidas de seguran\u00e7a na Internet n\u00e3o s\u00e3o inexpugn\u00e1veis.<\/p>\n<h3>3. Confidencialidade e sigilo profissional.<\/h3>\n<p>As comunica\u00e7\u00f5es privadas que possam ocorrer entre os funcion\u00e1rios de Montajes e Ingenier\u00eda Romero S.L. e os usu\u00e1rios ou visitantes ser\u00e3o tratadas como confidenciais. O acesso a esta informa\u00e7\u00e3o \u00e9 restrito pela tecnologia e pelos controles internos rigorosos. \u00a04. Links para outros sites. \u00a0Este site pode conter links para outros sites. Se informa que, Montajes e Ingenier\u00eda Romero S.L. n\u00e3o tem qualquer controle ou responsabilidade sobre as pol\u00edticas ou medidas para proteger os dados de outros sites.<\/p>\n<h3>5. Direitos dos usu\u00e1rios.<\/h3>\n<p>O usu\u00e1rio pode exercer em rela\u00e7\u00e3o aos dados recolhidos na forma prevista, os direitos reconhecidos pela Lei 15\/1999 de 13 de dezembro de Protec\u00e7\u00e3o de Dados Pessoais, e, em particular, os direitos de acesso, rectifica\u00e7\u00e3o ou cancelamento de dados e oposi\u00e7\u00e3o, se for o caso, assim como a revoga\u00e7\u00e3o de autoriza\u00e7\u00e3o para a transfer\u00eancia de dados. \u00a0Os direitos de cancelamento, oposi\u00e7\u00e3o e revoga\u00e7\u00e3o de autoriza\u00e7\u00e3o de transfer\u00eancia s\u00f3 podem ser exercidos pelo usu\u00e1rio e, eventualmente, pelo seu representante, atrav\u00e9s de um pedido por escrito enviado para o seguinte e-mail: info@ingenieriacotomac.com. Voc\u00ea tamb\u00e9m pode faz\u00ea-lo por meio de um pedido enviado por correio, assinado e acompanhado de fotoc\u00f3pia do B.I. para o endere\u00e7o da sede de Montajes e Ingenier\u00eda Romero S.L., localizada na Ciudad Agroalimentaria de Tudela, Pol\u00edgono Industrial La Serna - C\/H - Parcela 1 - 5, c\u00f3digo postal 31500 Tudela, Navarra (Espanha). \u00a0Montajes e Ingenier\u00eda Romero S.L. informa que os dados pessoais recolhidos quando n\u00e3o forem necess\u00e1rios ou relevantes para a finalidade para as quais foram colectados, ser\u00e3o cancelados, conforme previsto pela lei de protec\u00e7\u00e3o de dados de car\u00e1cter pessoal.<\/p>\n<h1>CL\u00c1USULA PARA FORMUL\u00c1RIOS<\/h1>\n<p>No caso de que Montajes e Ingenier\u00eda Romero S.L. disponha de formul\u00e1rios, a identifica\u00e7\u00e3o do usu\u00e1rio \u00e9 completa, j\u00e1 que s\u00e3o os pr\u00f3prios usu\u00e1rios que voluntariamente introduzem os seus dados nos nossos formul\u00e1rios. \u00a0A informa\u00e7\u00e3o fornecida pelo usu\u00e1rio ser\u00e1 utilizada por Montajes e Ingenier\u00eda Romero S.L. exclusivamente para os fins que s\u00e3o relatados em cada caso. Cada um dos nossos formul\u00e1rios inclui uma pol\u00edtica de privacidade espec\u00edfica atrav\u00e9s da qual o usu\u00e1rio voluntariamente d\u00e1 o seu consentimento para o tratamento dos dados. \u00a0Montajes e Ingenier\u00eda Romero S.L. ser\u00e1 a entidade respons\u00e1vel pelo arquivo gerado com os dados de car\u00e1cter pessoal fornecidos pelos usu\u00e1rios do seu site nos formul\u00e1rios.<\/p>\n<p>De acordo com a Lei Org\u00e2nica 15\/1999, de 13 de Dezembro, de Protec\u00e7\u00e3o de Dados de Car\u00e1cter Pessoal, Montajes e Ingenier\u00eda Romero S.L. compromete-se a cumprir a sua obriga\u00e7\u00e3o de confidencialidade em rela\u00e7\u00e3o aos dados pessoais e ao seu dever em mant\u00ea-los confidenciais. Para este fim, deve tomar as medidas necess\u00e1rias para evitar a altera\u00e7\u00e3o, perda ou acesso n\u00e3o autorizado.<\/p>\n<p>Os dados pessoais recolhidos n\u00e3o ser\u00e3o divulgadas a terceiros sem o seu expresso consentimento. \u00a0Tais informa\u00e7\u00f5es podem ser utilizadas a fim de responder \u00e0s suas perguntas e enviar informa\u00e7\u00f5es relacionadas com a entidade que poderiam ser do seu interesse. \u00a0O usu\u00e1rio existente na nossa base de dados poder\u00e1 exercer em qualquer momento os seus direitos de acesso, retifica\u00e7\u00e3o, cancelamento e oposi\u00e7\u00e3o por pedido enviado pelo correio, assinado e acompanhado por uma fotoc\u00f3pia do B.I., para o endere\u00e7o da sede de Montajes e Ingenier\u00eda Romero S.L., localizada na Ciudad Agroalimentaria de Tudela, Pol\u00edgono Industrial La Serna - C\/H - Parcela 1 - 5, c\u00f3digo postal 31500 Tudela, Navarra (Espanha).<\/p>\n<p>Se voc\u00ea deseja esclarecer qualquer aspecto da pol\u00edtica de Montajes e Ingenier\u00eda Romero S.L., em rela\u00e7\u00e3o aos usu\u00e1rios que visitam o nosso site, entre em contacto conosco atrav\u00e9s do seguinte e-mail: info@ingenieriacotomac.com<\/p>\n","protected":false},"excerpt":{"rendered":"<p>Pol\u00edtica de Privacidade Montajes e Ingenier\u00eda Romero S.L. informa \u00e0 continua\u00e7\u00e3o sobre a sua pol\u00edtica de privacidade aplicada aos dados pessoais. De esta maneira, todos os dados pessoais que tenha sobre a sua responsabilidade ser\u00e3o tratados no cumprimento do estabelecido na Lei 15\/1999, de 13 de Dezembro, de Protec\u00e7\u00e3o de Dados de car\u00e1cter Pessoal e as devidas provid\u00eancias de seguran\u00e7a&nbsp;<a href=\"https:\/\/www.cotomac.com\/pt\/politica-de-privacidade\/\" class=\"read-more\">Continue Reading<\/a><\/p>\n","protected":false},"author":1,"featured_media":0,"parent":0,"menu_order":0,"comment_status":"open","ping_status":"open","template":"page-fullwidth.php","meta":{"ngg_post_thumbnail":0},"yoast_head":"<!-- This site is optimized with the Yoast SEO plugin v18.6 - https:\/\/yoast.com\/wordpress\/plugins\/seo\/ -->\n<title>Pol\u00edtica de Privacidade  - Industrias Cotomac S.L.U.<\/title>\n<meta name=\"robots\" content=\"index, follow, max-snippet:-1, max-image-preview:large, max-video-preview:-1\" \/>\n<link rel=\"canonical\" href=\"https:\/\/www.cotomac.com\/pt\/politica-de-privacidade\/\" \/>\n<meta property=\"og:locale\" content=\"pt_PT\" \/>\n<meta property=\"og:type\" content=\"article\" \/>\n<meta property=\"og:title\" content=\"Pol\u00edtica de Privacidade  - Industrias Cotomac S.L.U.\" \/>\n<meta property=\"og:description\" content=\"Pol\u00edtica de Privacidade Montajes e Ingenier\u00eda Romero S.L. informa \u00e0 continua\u00e7\u00e3o sobre a sua pol\u00edtica de privacidade aplicada aos dados pessoais. De esta maneira, todos os dados pessoais que tenha sobre a sua responsabilidade ser\u00e3o tratados no cumprimento do estabelecido na Lei 15\/1999, de 13 de Dezembro, de Protec\u00e7\u00e3o de Dados de car\u00e1cter Pessoal e as devidas provid\u00eancias de seguran\u00e7a&nbsp;Continue Reading\" \/>\n<meta property=\"og:url\" content=\"https:\/\/www.cotomac.com\/pt\/politica-de-privacidade\/\" \/>\n<meta property=\"og:site_name\" content=\"Industrias Cotomac S.L.U.\" \/>\n<meta property=\"article:modified_time\" content=\"2014-03-21T08:54:17+00:00\" \/>\n<meta name=\"twitter:label1\" content=\"Tempo estimado de leitura\" \/>\n\t<meta name=\"twitter:data1\" content=\"5 minutos\" \/>\n<script type=\"application\/ld+json\" class=\"yoast-schema-graph\">{\"@context\":\"https:\/\/schema.org\",\"@graph\":[{\"@type\":\"WebSite\",\"@id\":\"https:\/\/www.cotomac.com\/pt\/#website\",\"url\":\"https:\/\/www.cotomac.com\/pt\/\",\"name\":\"Industrias Cotomac S.L.U.\",\"description\":\"Fabricamos principalmente todo tipo de estruturas e caldeiras de a\u00e7o inoxid\u00e1vel e a\u00e7o de carbono, e todos os tipos de instala\u00e7\u00f5es para vapor, instala\u00e7\u00f5es de ar comprimido na co-gera\u00e7\u00e3o de baixa e alta press\u00e3o, estruturas met\u00e1licas, m\u00e1quinas, etc\",\"potentialAction\":[{\"@type\":\"SearchAction\",\"target\":{\"@type\":\"EntryPoint\",\"urlTemplate\":\"https:\/\/www.cotomac.com\/pt\/?s={search_term_string}\"},\"query-input\":\"required name=search_term_string\"}],\"inLanguage\":\"pt-PT\"},{\"@type\":\"WebPage\",\"@id\":\"https:\/\/www.cotomac.com\/pt\/politica-de-privacidade\/#webpage\",\"url\":\"https:\/\/www.cotomac.com\/pt\/politica-de-privacidade\/\",\"name\":\"Pol\u00edtica de Privacidade - Industrias Cotomac S.L.U.\",\"isPartOf\":{\"@id\":\"https:\/\/www.cotomac.com\/pt\/#website\"},\"datePublished\":\"2014-02-07T08:19:53+00:00\",\"dateModified\":\"2014-03-21T08:54:17+00:00\",\"breadcrumb\":{\"@id\":\"https:\/\/www.cotomac.com\/pt\/politica-de-privacidade\/#breadcrumb\"},\"inLanguage\":\"pt-PT\",\"potentialAction\":[{\"@type\":\"ReadAction\",\"target\":[\"https:\/\/www.cotomac.com\/pt\/politica-de-privacidade\/\"]}]},{\"@type\":\"BreadcrumbList\",\"@id\":\"https:\/\/www.cotomac.com\/pt\/politica-de-privacidade\/#breadcrumb\",\"itemListElement\":[{\"@type\":\"ListItem\",\"position\":1,\"name\":\"Portada\",\"item\":\"https:\/\/www.cotomac.com\/pt\/\"},{\"@type\":\"ListItem\",\"position\":2,\"name\":\"Pol\u00edtica de Privacidade\"}]}]}<\/script>\n<!-- \/ Yoast SEO plugin. -->","yoast_head_json":{"title":"Pol\u00edtica de Privacidade  - Industrias Cotomac S.L.U.","robots":{"index":"index","follow":"follow","max-snippet":"max-snippet:-1","max-image-preview":"max-image-preview:large","max-video-preview":"max-video-preview:-1"},"canonical":"https:\/\/www.cotomac.com\/pt\/politica-de-privacidade\/","og_locale":"pt_PT","og_type":"article","og_title":"Pol\u00edtica de Privacidade  - Industrias Cotomac S.L.U.","og_description":"Pol\u00edtica de Privacidade Montajes e Ingenier\u00eda Romero S.L. informa \u00e0 continua\u00e7\u00e3o sobre a sua pol\u00edtica de privacidade aplicada aos dados pessoais. De esta maneira, todos os dados pessoais que tenha sobre a sua responsabilidade ser\u00e3o tratados no cumprimento do estabelecido na Lei 15\/1999, de 13 de Dezembro, de Protec\u00e7\u00e3o de Dados de car\u00e1cter Pessoal e as devidas provid\u00eancias de seguran\u00e7a&nbsp;Continue Reading","og_url":"https:\/\/www.cotomac.com\/pt\/politica-de-privacidade\/","og_site_name":"Industrias Cotomac S.L.U.","article_modified_time":"2014-03-21T08:54:17+00:00","twitter_misc":{"Tempo estimado de leitura":"5 minutos"},"schema":{"@context":"https:\/\/schema.org","@graph":[{"@type":"WebSite","@id":"https:\/\/www.cotomac.com\/pt\/#website","url":"https:\/\/www.cotomac.com\/pt\/","name":"Industrias Cotomac S.L.U.","description":"Fabricamos principalmente todo tipo de estruturas e caldeiras de a\u00e7o inoxid\u00e1vel e a\u00e7o de carbono, e todos os tipos de instala\u00e7\u00f5es para vapor, instala\u00e7\u00f5es de ar comprimido na co-gera\u00e7\u00e3o de baixa e alta press\u00e3o, estruturas met\u00e1licas, m\u00e1quinas, etc","potentialAction":[{"@type":"SearchAction","target":{"@type":"EntryPoint","urlTemplate":"https:\/\/www.cotomac.com\/pt\/?s={search_term_string}"},"query-input":"required name=search_term_string"}],"inLanguage":"pt-PT"},{"@type":"WebPage","@id":"https:\/\/www.cotomac.com\/pt\/politica-de-privacidade\/#webpage","url":"https:\/\/www.cotomac.com\/pt\/politica-de-privacidade\/","name":"Pol\u00edtica de Privacidade - Industrias Cotomac S.L.U.","isPartOf":{"@id":"https:\/\/www.cotomac.com\/pt\/#website"},"datePublished":"2014-02-07T08:19:53+00:00","dateModified":"2014-03-21T08:54:17+00:00","breadcrumb":{"@id":"https:\/\/www.cotomac.com\/pt\/politica-de-privacidade\/#breadcrumb"},"inLanguage":"pt-PT","potentialAction":[{"@type":"ReadAction","target":["https:\/\/www.cotomac.com\/pt\/politica-de-privacidade\/"]}]},{"@type":"BreadcrumbList","@id":"https:\/\/www.cotomac.com\/pt\/politica-de-privacidade\/#breadcrumb","itemListElement":[{"@type":"ListItem","position":1,"name":"Portada","item":"https:\/\/www.cotomac.com\/pt\/"},{"@type":"ListItem","position":2,"name":"Pol\u00edtica de Privacidade"}]}]}},"_links":{"self":[{"href":"https:\/\/www.cotomac.com\/pt\/wp-json\/wp\/v2\/pages\/2828"}],"collection":[{"href":"https:\/\/www.cotomac.com\/pt\/wp-json\/wp\/v2\/pages"}],"about":[{"href":"https:\/\/www.cotomac.com\/pt\/wp-json\/wp\/v2\/types\/page"}],"author":[{"embeddable":true,"href":"https:\/\/www.cotomac.com\/pt\/wp-json\/wp\/v2\/users\/1"}],"replies":[{"embeddable":true,"href":"https:\/\/www.cotomac.com\/pt\/wp-json\/wp\/v2\/comments?post=2828"}],"version-history":[{"count":2,"href":"https:\/\/www.cotomac.com\/pt\/wp-json\/wp\/v2\/pages\/2828\/revisions"}],"predecessor-version":[{"id":3221,"href":"https:\/\/www.cotomac.com\/pt\/wp-json\/wp\/v2\/pages\/2828\/revisions\/3221"}],"wp:attachment":[{"href":"https:\/\/www.cotomac.com\/pt\/wp-json\/wp\/v2\/media?parent=2828"}],"curies":[{"name":"wp","href":"https:\/\/api.w.org\/{rel}","templated":true}]}}