{"id":3227,"date":"2014-06-11T07:52:58","date_gmt":"2014-06-11T07:52:58","guid":{"rendered":"http:\/\/www.cotomac.com\/pt\/?page_id=3227"},"modified":"2015-02-12T19:35:50","modified_gmt":"2015-02-12T18:35:50","slug":"clientes","status":"publish","type":"page","link":"https:\/\/www.cotomac.com\/pt\/clientes\/","title":{"rendered":"Clientes"},"content":{"rendered":"<h1 style=\"text-align: center;\"><span style=\"text-decoration: underline;\">Ind\u00fastria alimentar<\/span><\/h1>\n<p>&nbsp;<\/p>\n<div class=\"row \"><div class=\"span6 \"><p style=\"text-align: center;\"><a href=\"http:\/\/www.cotomac.com\/wp-content\/uploads\/2014\/06\/logo-heinz-iberica.jpg\"><img loading=\"lazy\" class=\"alignnone size-full wp-image-2992\" alt=\"logo-heinz-iberica\" src=\"http:\/\/www.cotomac.com\/wp-content\/uploads\/2014\/06\/logo-heinz-iberica.jpg\" width=\"200\" height=\"100\" \/><\/a><\/p>\n<h4 style=\"text-align: center;\">HEINZ IBERICA<\/h4>\n<p style=\"text-align: center;\"><div class=\"hr\"><\/div><!-- .hr (end) -->\n<p style=\"text-align: center;\"><img loading=\"lazy\" class=\"alignnone size-full wp-image-2993\" alt=\"logo-general-mills\" src=\"http:\/\/www.cotomac.com\/wp-content\/uploads\/2014\/06\/logo-general-mills.jpg\" width=\"200\" height=\"100\" \/><\/p>\n<h4 style=\"text-align: center;\">GENERAL MILLS<\/h4>\n<p style=\"text-align: center;\"><div class=\"hr\"><\/div><!-- .hr (end) -->\n<p style=\"text-align: center;\"><img loading=\"lazy\" class=\"alignnone size-full wp-image-2999\" alt=\"logo-iberfruta\" src=\"http:\/\/www.cotomac.com\/wp-content\/uploads\/2014\/06\/logo-iberfruta.jpg\" width=\"200\" height=\"100\" \/><\/p>\n<h4 style=\"text-align: center;\">IBERFRUTA<\/h4>\n<p style=\"text-align: center;\"><div class=\"hr\"><\/div><!-- .hr (end) -->\n<p style=\"text-align: center;\"><img loading=\"lazy\" class=\"alignnone size-full wp-image-3007\" alt=\"logo-solutex\" src=\"http:\/\/www.cotomac.com\/wp-content\/uploads\/2014\/06\/logo-solutex.jpg\" width=\"200\" height=\"100\" \/><\/p>\n<h4 style=\"text-align: center;\">SOLUTEX<\/h4>\n<p style=\"text-align: center;\"><div class=\"hr\"><\/div><!-- .hr (end) -->\n<p style=\"text-align: center;\"><img loading=\"lazy\" class=\"alignnone size-full wp-image-3014\" alt=\"no-logo\" src=\"http:\/\/www.cotomac.com\/wp-content\/uploads\/2014\/06\/no-logo.jpg\" width=\"200\" height=\"100\" \/><\/p>\n<h4 style=\"text-align: center;\">SAIONA<\/h4>\n<p style=\"text-align: center;\"><div class=\"hr\"><\/div><!-- .hr (end) -->\n<p style=\"text-align: center;\"><img loading=\"lazy\" class=\"alignnone size-full wp-image-3002\" alt=\"logo_celorrio\" src=\"http:\/\/www.cotomac.com\/wp-content\/uploads\/2014\/06\/logo_celorrio.jpg\" width=\"200\" height=\"100\" \/><\/p>\n<h4 style=\"text-align: center;\">CELORRIO<\/h4>\n<p style=\"text-align: center;\"><div class=\"hr\"><\/div><!-- .hr (end) -->\n<p><img loading=\"lazy\" class=\"size-full wp-image-3003 aligncenter\" alt=\"logo-vegadelebro\" src=\"http:\/\/www.cotomac.com\/wp-content\/uploads\/2014\/06\/logo-vegadelebro.jpg\" width=\"200\" height=\"100\" \/><\/p>\n<h4 style=\"text-align: center;\">CONSERVAS VEGA DEL EBRO<\/h4>\n<p style=\"text-align: center;\"><div class=\"hr\"><\/div><!-- .hr (end) -->\n<p style=\"text-align: center;\"><\/div><div class=\"vertical-divider\"><\/div><!-- divider (end) --><div class=\"span6 \"><p style=\"text-align: center;\"><img loading=\"lazy\" class=\"alignnone size-full wp-image-3000\" alt=\"logo-urzante\" src=\"http:\/\/www.cotomac.com\/wp-content\/uploads\/2014\/06\/logo-urzante.jpg\" width=\"200\" height=\"100\" \/><\/p>\n<h4 style=\"text-align: center;\">ACEITES URZANTE<\/h4>\n<p style=\"text-align: center;\"><div class=\"hr\"><\/div><!-- .hr (end) -->\n<p style=\"text-align: center;\"><img loading=\"lazy\" class=\"alignnone size-full wp-image-3001\" alt=\"logo-virto\" src=\"http:\/\/www.cotomac.com\/wp-content\/uploads\/2014\/06\/logo-virto.jpg\" width=\"200\" height=\"100\" \/><\/p>\n<h4 style=\"text-align: center;\">ULTRACONGELADOS VIRTO<\/h4>\n<p style=\"text-align: center;\"><div class=\"hr\"><\/div><!-- .hr (end) -->\n<p style=\"text-align: center;\"><img loading=\"lazy\" class=\"alignnone size-full wp-image-3008\" alt=\"logo-mercadona\" src=\"http:\/\/www.cotomac.com\/wp-content\/uploads\/2014\/06\/logo-mercadona.jpg\" width=\"200\" height=\"100\" \/><\/p>\n<h4 style=\"text-align: center;\">CALADERO&amp;MERCADONA<\/h4>\n<p style=\"text-align: center;\"><div class=\"hr\"><\/div><!-- .hr (end) -->\n<p style=\"text-align: center;\"><img loading=\"lazy\" class=\"alignnone size-full wp-image-3009\" alt=\"logo-berlys-co\" src=\"http:\/\/www.cotomac.com\/wp-content\/uploads\/2014\/06\/logo-berlys-co.jpg\" width=\"200\" height=\"100\" \/><\/p>\n<h4 style=\"text-align: center;\">BERLYS CORPORACION<\/h4>\n<p style=\"text-align: center;\"><div class=\"hr\"><\/div><!-- .hr (end) -->\n<p style=\"text-align: center;\"><img loading=\"lazy\" class=\"alignnone size-full wp-image-3010\" alt=\"logo-viscofan\" src=\"http:\/\/www.cotomac.com\/wp-content\/uploads\/2014\/06\/logo-viscofan.jpg\" width=\"200\" height=\"100\" \/><\/p>\n<h4 style=\"text-align: center;\">VISCOFAN<\/h4>\n<p style=\"text-align: center;\"><div class=\"hr\"><\/div><!-- .hr (end) -->\n<p style=\"text-align: center;\"><img loading=\"lazy\" class=\"alignnone size-full wp-image-3000\" alt=\"logo-urzante\" src=\"http:\/\/www.cotomac.com\/wp-content\/uploads\/2014\/06\/logo-urzante.jpg\" width=\"200\" height=\"100\" \/><\/p>\n<h4 style=\"text-align: center;\">URZANTE SL<\/h4>\n<p style=\"text-align: center;\"><div class=\"hr\"><\/div><!-- .hr (end) -->\n<p style=\"text-align: center;\"><img loading=\"lazy\" class=\"alignnone size-full wp-image-3011\" alt=\"logo-dantza\" src=\"http:\/\/www.cotomac.com\/wp-content\/uploads\/2014\/06\/logo-dantza.jpg\" width=\"200\" height=\"100\" \/><\/p>\n<h4 style=\"text-align: center;\">CONSERVAS DANTZA<\/h4>\n<p style=\"text-align: center;\"><div class=\"hr\"><\/div><!-- .hr (end) --><\/div><\/div><!-- .row (end) -->\n<p>&nbsp;<\/p>\n<h1 style=\"text-align: center;\"><span style=\"text-decoration: underline;\">Ind\u00fastria do papel<\/span><\/h1>\n<p>&nbsp;<\/p>\n<div class=\"row \"><div class=\"span6 \"><h4 style=\"text-align: center;\"><img loading=\"lazy\" class=\"alignnone size-full wp-image-3016\" alt=\"2logo-saica\" src=\"http:\/\/www.cotomac.com\/wp-content\/uploads\/2014\/06\/2logo-saica.jpg\" width=\"200\" height=\"100\" \/><\/h4>\n<h4 style=\"text-align: center;\">SAICA<\/h4>\n<p style=\"text-align: center;\"><div class=\"hr\"><\/div><!-- .hr (end) -->\n<p style=\"text-align: center;\"><img loading=\"lazy\" class=\"alignnone size-full wp-image-3017\" alt=\"2logo-torraspapel\" src=\"http:\/\/www.cotomac.com\/wp-content\/uploads\/2014\/06\/2logo-torraspapel.jpg\" width=\"200\" height=\"100\" \/><\/p>\n<h4 style=\"text-align: center;\">TORRASPAPEL<\/h4>\n<p style=\"text-align: center;\"><div class=\"hr\"><\/div><!-- .hr (end) -->\n<p style=\"text-align: center;\"><img loading=\"lazy\" class=\"alignnone size-full wp-image-3018\" alt=\"2logo-gc-wepa\" src=\"http:\/\/www.cotomac.com\/wp-content\/uploads\/2014\/06\/2logo-gc-wepa.jpg\" width=\"200\" height=\"100\" \/><\/p>\n<h4 style=\"text-align: center;\">GC&amp;WEPA<\/h4>\n<p style=\"text-align: center;\"><div class=\"hr\"><\/div><!-- .hr (end) -->\n<p style=\"text-align: center;\"><img loading=\"lazy\" class=\"alignnone size-full wp-image-3019\" alt=\"2logo-ibertissue\" src=\"http:\/\/www.cotomac.com\/wp-content\/uploads\/2014\/06\/2logo-ibertissue.jpg\" width=\"200\" height=\"100\" \/><\/p>\n<h4 style=\"text-align: center;\">IBERTISSUE<\/h4>\n<p style=\"text-align: center;\"><div class=\"hr\"><\/div><!-- .hr (end) --><\/div><div class=\"vertical-divider\"><\/div><!-- divider (end) --><div class=\"span6 \"><p style=\"text-align: center;\"><img loading=\"lazy\" class=\"alignnone size-full wp-image-3021\" alt=\"2logo-papertech\" src=\"http:\/\/www.cotomac.com\/wp-content\/uploads\/2014\/06\/2logo-papertech.jpg\" width=\"200\" height=\"100\" \/><\/p>\n<h4 style=\"text-align: center;\">PAPERTECH<\/h4>\n<h4 style=\"text-align: center;\"><div class=\"hr\"><\/div><!-- .hr (end) --><\/h4>\n<p style=\"text-align: center;\"><img loading=\"lazy\" class=\"alignnone size-full wp-image-3014\" alt=\"no-logo\" src=\"http:\/\/www.cotomac.com\/wp-content\/uploads\/2015\/02\/foxy-logo.jpg\" width=\"200\" height=\"100\" \/><\/p>\n<h4 style=\"text-align: center;\">ICT IB\u00c9RICA, S.L.<\/h4>\n<h4 style=\"text-align: center;\"><div class=\"hr\"><\/div><!-- .hr (end) --><\/h4>\n<p style=\"text-align: center;\"><img loading=\"lazy\" class=\"alignnone size-full wp-image-3022\" alt=\"2logo-smurfit-kappa\" src=\"http:\/\/www.cotomac.com\/wp-content\/uploads\/2014\/06\/2logo-smurfit-kappa.jpg\" width=\"200\" height=\"100\" \/><\/p>\n<h4 style=\"text-align: center;\"><span style=\"color: #000000; font-size: 1.2em; line-height: 1.5em;\">SMURFIT KAPPA<\/span><\/h4>\n<h4 style=\"text-align: center;\"><div class=\"hr\"><\/div><!-- .hr (end) --><\/h4>\n<h4 style=\"text-align: center;\"><img loading=\"lazy\" class=\"alignnone size-full wp-image-3023\" alt=\"2logo-sca\" src=\"http:\/\/www.cotomac.com\/wp-content\/uploads\/2014\/06\/2logo-sca.jpg\" width=\"200\" height=\"100\" \/><\/h4>\n<h4 style=\"text-align: center;\">SCA<\/h4>\n<h4 style=\"text-align: center;\"><div class=\"hr\"><\/div><!-- .hr (end) --><\/h4><\/div><\/div><!-- .row (end) -->\n<p>&nbsp;<\/p>\n<h1 style=\"text-align: center;\"><span style=\"text-decoration: underline;\">Ind\u00fastria energ\u00e9tica<\/span><\/h1>\n<p>&nbsp;<\/p>\n<div class=\"row \"><div class=\"span6 \"><p style=\"text-align: center;\"><img loading=\"lazy\" class=\"alignnone size-full wp-image-3025\" alt=\"3logo-acciona\" src=\"http:\/\/www.cotomac.com\/wp-content\/uploads\/2014\/06\/3logo-acciona.jpg\" width=\"200\" height=\"100\" \/><\/p>\n<h4 style=\"text-align: center;\">ACCIONA ENERG\u00cdA<\/h4>\n<h4 style=\"text-align: center;\"><div class=\"hr\"><\/div><!-- .hr (end) --><\/h4>\n<p style=\"text-align: center;\"><img loading=\"lazy\" class=\"alignnone size-full wp-image-3026\" alt=\"3logo-sanguesa\" src=\"http:\/\/www.cotomac.com\/wp-content\/uploads\/2014\/06\/3logo-sanguesa.jpg\" width=\"200\" height=\"100\" \/><\/p>\n<h4 style=\"text-align: center;\">BIOMASA SANGUESA<\/h4>\n<h4 style=\"text-align: center;\"><div class=\"hr\"><\/div><!-- .hr (end) --><\/h4>\n<h4 style=\"text-align: center;\"><img loading=\"lazy\" class=\"alignnone size-full wp-image-3027\" alt=\"3logo-briviesca\" src=\"http:\/\/www.cotomac.com\/wp-content\/uploads\/2014\/06\/3logo-briviesca.jpg\" width=\"200\" height=\"100\" \/><\/h4>\n<h4 style=\"text-align: center;\">BIOMASA BRIVIESCA<\/h4>\n<h4 style=\"text-align: center;\"><div class=\"hr\"><\/div><!-- .hr (end) --><\/h4>\n<p style=\"text-align: center;\"><img loading=\"lazy\" class=\"alignnone size-full wp-image-3028\" alt=\"3logo-miajadas\" src=\"http:\/\/www.cotomac.com\/wp-content\/uploads\/2014\/06\/3logo-miajadas.jpg\" width=\"200\" height=\"100\" \/><\/p>\n<h4 style=\"text-align: center;\">BIOMASA MIAJADAS<\/h4>\n<h4 style=\"text-align: center;\"><div class=\"hr\"><\/div><!-- .hr (end) --><\/h4><\/div><div class=\"span6 \"><p style=\"text-align: center;\"><img loading=\"lazy\" class=\"alignnone size-full wp-image-3031\" alt=\"3logo-termo-palma\" src=\"http:\/\/www.cotomac.com\/wp-content\/uploads\/2014\/06\/3logo-termo-palma.jpg\" width=\"200\" height=\"100\" \/><\/p>\n<h4 style=\"text-align: center;\">TERMOSOLAR PALMA DEL RIO<\/h4>\n<h4 style=\"text-align: center;\"><div class=\"hr\"><\/div><!-- .hr (end) --><\/h4>\n<p style=\"text-align: center;\"><img loading=\"lazy\" class=\"alignnone size-full wp-image-3032\" alt=\"3logo-termo-majadas\" src=\"http:\/\/www.cotomac.com\/wp-content\/uploads\/2014\/06\/3logo-termo-majadas.jpg\" width=\"200\" height=\"100\" \/><\/p>\n<h4 style=\"text-align: center;\">TERMOSOLAR MAJADAS<\/h4>\n<h4 style=\"text-align: center;\"><div class=\"hr\"><\/div><!-- .hr (end) --><\/h4>\n<p style=\"text-align: center;\"><img loading=\"lazy\" class=\"alignnone size-full wp-image-3033\" alt=\"3logo-edp\" src=\"http:\/\/www.cotomac.com\/wp-content\/uploads\/2014\/06\/3logo-edp.jpg\" width=\"200\" height=\"100\" \/><\/p>\n<h4 style=\"text-align: center;\">HC CASTEJON &amp;\u00a0 EDP<\/h4>\n<h4 style=\"text-align: center;\"><div class=\"hr\"><\/div><!-- .hr (end) --><\/h4>\n<p style=\"text-align: center;\"><img loading=\"lazy\" class=\"alignnone size-full wp-image-3034\" alt=\"3logo-iberdrola-castejon\" src=\"http:\/\/www.cotomac.com\/wp-content\/uploads\/2014\/06\/3logo-iberdrola-castejon.jpg\" width=\"200\" height=\"100\" \/><\/p>\n<h4 style=\"text-align: center;\">IBERDROLA CASTEJON<\/h4>\n<h4 style=\"text-align: center;\"><div class=\"hr\"><\/div><!-- .hr (end) --><\/h4><\/div><\/div><!-- .row (end) -->\n<h1 style=\"text-align: center;\"><span style=\"text-decoration: underline;\">Fundi\u00e7<\/span><span style=\"text-decoration: underline;\">\u00e3<\/span><span style=\"text-decoration: underline;\">o e recupera\u00e7\u00e3<\/span><span style=\"text-decoration: underline;\">o industria<\/span><\/h1>\n<div class=\"row \"><div class=\"span6 \"><h4 style=\"text-align: center;\"><img loading=\"lazy\" class=\"alignnone size-full wp-image-3037\" alt=\"4logo-guardian-glass\" src=\"http:\/\/www.cotomac.com\/wp-content\/uploads\/2014\/06\/4logo-guardian-glass.jpg\" width=\"200\" height=\"100\" \/><\/h4>\n<h4 style=\"text-align: center;\">GUARDIAN GLASS<\/h4>\n<p style=\"text-align: center;\"><div class=\"hr\"><\/div><!-- .hr (end) -->\n<p style=\"text-align: center;\"><img loading=\"lazy\" class=\"alignnone size-full wp-image-3037\" alt=\"4logo-guardian-glass\" src=\"http:\/\/www.cotomac.com\/wp-content\/uploads\/2014\/06\/4logo-guardian-glass.jpg\" width=\"200\" height=\"100\" \/><\/p>\n<h4 style=\"text-align: center;\">GUARDIAN LLODIO<\/h4>\n<p style=\"text-align: center;\"><div class=\"hr\"><\/div><!-- .hr (end) -->\n<p style=\"text-align: center;\"><img loading=\"lazy\" class=\"alignnone size-full wp-image-3037\" alt=\"4logo-guardian-glass\" src=\"http:\/\/www.cotomac.com\/wp-content\/uploads\/2014\/06\/4logo-guardian-glass.jpg\" width=\"200\" height=\"100\" \/><\/p>\n<h4 style=\"text-align: center;\">GUARDIAN NAVARRA<\/h4>\n<p style=\"text-align: center;\"><div class=\"hr\"><\/div><!-- .hr (end) --><\/div><div class=\"span6 \"><h4 style=\"text-align: center;\"><img loading=\"lazy\" class=\"alignnone size-full wp-image-3038\" alt=\"4logo-rockwool\" src=\"http:\/\/www.cotomac.com\/wp-content\/uploads\/2014\/06\/4logo-rockwool.jpg\" width=\"200\" height=\"100\" \/><\/h4>\n<h4 style=\"text-align: center;\">ROCKWOOL<\/h4>\n<p style=\"text-align: center;\"><div class=\"hr\"><\/div><!-- .hr (end) -->\n<p style=\"text-align: center;\"><img loading=\"lazy\" class=\"alignnone size-full wp-image-3039\" alt=\"4logo-idalsa\" src=\"http:\/\/www.cotomac.com\/wp-content\/uploads\/2014\/06\/4logo-idalsa.jpg\" width=\"200\" height=\"100\" \/><\/p>\n<h4 style=\"text-align: center;\">IDALSA<\/h4>\n<p style=\"text-align: center;\"><div class=\"hr\"><\/div><!-- .hr (end) -->\n<p style=\"text-align: center;\"><img loading=\"lazy\" class=\"alignnone size-full wp-image-3040\" alt=\"4logo-metarquex\" src=\"http:\/\/www.cotomac.com\/wp-content\/uploads\/2014\/06\/4logo-metarquex.jpg\" width=\"200\" height=\"100\" \/><\/p>\n<h4 style=\"text-align: center;\">METALQUEX<\/h4>\n<p style=\"text-align: center;\"><div class=\"hr\"><\/div><!-- .hr (end) --><\/div><\/div><!-- .row (end) -->\n<p>&nbsp;<\/p>\n<h1 style=\"text-align: center;\"><span style=\"text-decoration: underline;\">Ind\u00fastria automotiva<\/span><\/h1>\n<div class=\"row \"><div class=\"span6 \"><h4 style=\"text-align: center;\"><img loading=\"lazy\" class=\"alignnone size-full wp-image-3043\" alt=\"5logo-actemium\" src=\"http:\/\/www.cotomac.com\/wp-content\/uploads\/2014\/06\/5logo-actemium.jpg\" width=\"200\" height=\"100\" \/><\/h4>\n<h4 style=\"text-align: center;\">ACTEMIUM<\/h4>\n<p style=\"text-align: center;\"><div class=\"hr\"><\/div><!-- .hr (end) --><\/div><div class=\"span6 \"><h4 style=\"text-align: center;\"><img loading=\"lazy\" class=\"alignnone size-full wp-image-3044\" alt=\"5logo-ti-automotive\" src=\"http:\/\/www.cotomac.com\/wp-content\/uploads\/2014\/06\/5logo-ti-automotive.jpg\" width=\"200\" height=\"100\" \/><\/h4>\n<h4 style=\"text-align: center;\">TI GROUP AUTOMOTIVE<\/h4>\n<p style=\"text-align: center;\"><div class=\"hr\"><\/div><!-- .hr (end) --><\/div><\/div><!-- .row (end) -->\n<p>&nbsp;<\/p>\n<h1 style=\"text-align: center;\"><span style=\"text-decoration: underline;\">Ind\u00fastria qu\u00edmica<\/span><\/h1>\n<div class=\"row \"><div class=\"span6 \"><p style=\"text-align: center;\"><img loading=\"lazy\" class=\"alignnone size-full wp-image-3046\" alt=\"6logo-undesa\" src=\"http:\/\/www.cotomac.com\/wp-content\/uploads\/2014\/06\/6logo-undesa.jpg\" width=\"200\" height=\"100\" \/><\/p>\n<h4 style=\"text-align: center;\">UNDESA<\/h4>\n<h4 style=\"text-align: center;\"><div class=\"hr\"><\/div><!-- .hr (end) --><\/h4>\n<p style=\"text-align: center;\"><img loading=\"lazy\" class=\"alignnone size-full wp-image-3007\" alt=\"logo-solutex\" src=\"http:\/\/www.cotomac.com\/wp-content\/uploads\/2014\/06\/logo-solutex.jpg\" width=\"200\" height=\"100\" \/><\/p>\n<h4 style=\"text-align: center;\">SOLUTEX<\/h4>\n<h4 style=\"text-align: center;\"><div class=\"hr\"><\/div><!-- .hr (end) --><\/h4><\/div><div class=\"span6 \"><p style=\"text-align: center;\"><img loading=\"lazy\" class=\"alignnone size-full wp-image-3047\" alt=\"6logo-basf\" src=\"http:\/\/www.cotomac.com\/wp-content\/uploads\/2014\/06\/6logo-basf.jpg\" width=\"200\" height=\"100\" \/><\/p>\n<h4 style=\"text-align: center;\">BASF<\/h4>\n<h4 style=\"text-align: center;\"><div class=\"hr\"><\/div><!-- .hr (end) --><\/h4><\/div><div class=\"span6 \"><p style=\"text-align: center;\"><img loading=\"lazy\" class=\"alignnone size-full wp-image-3047\" alt=\"6logo-basf\" src=\"http:\/\/www.cotomac.com\/wp-content\/uploads\/2015\/02\/logo-gau-ar-slu.jpg\" width=\"200\" height=\"100\" \/><\/p>\n<h4 style=\"text-align: center;\">Gesti\u00f3n de aceites usados de Arag\u00f3n<\/h4>\n<h4 style=\"text-align: center;\"><div class=\"hr\"><\/div><!-- .hr (end) --><\/h4><\/div><\/div><!-- .row (end) -->\n","protected":false},"excerpt":{"rendered":"<p>Ind\u00fastria alimentar &nbsp; &nbsp; Ind\u00fastria do papel &nbsp; &nbsp; Ind\u00fastria energ\u00e9tica &nbsp; Fundi\u00e7\u00e3o e recupera\u00e7\u00e3o industria &nbsp; Ind\u00fastria automotiva &nbsp; Ind\u00fastria qu\u00edmica<\/p>\n","protected":false},"author":1,"featured_media":0,"parent":0,"menu_order":0,"comment_status":"open","ping_status":"open","template":"page-fullwidth.php","meta":{"ngg_post_thumbnail":0},"yoast_head":"<!-- This site is optimized with the Yoast SEO plugin v18.6 - https:\/\/yoast.com\/wordpress\/plugins\/seo\/ -->\n<title>Clientes - Industrias Cotomac S.L.U.<\/title>\n<meta name=\"robots\" content=\"index, follow, max-snippet:-1, max-image-preview:large, max-video-preview:-1\" \/>\n<link rel=\"canonical\" href=\"https:\/\/www.cotomac.com\/pt\/clientes\/\" \/>\n<meta property=\"og:locale\" content=\"pt_PT\" \/>\n<meta property=\"og:type\" content=\"article\" \/>\n<meta property=\"og:title\" content=\"Clientes - Industrias Cotomac S.L.U.\" \/>\n<meta property=\"og:description\" content=\"Ind\u00fastria alimentar &nbsp; &nbsp; Ind\u00fastria do papel &nbsp; &nbsp; Ind\u00fastria energ\u00e9tica &nbsp; Fundi\u00e7\u00e3o e recupera\u00e7\u00e3o industria &nbsp; Ind\u00fastria automotiva &nbsp; Ind\u00fastria qu\u00edmica\" \/>\n<meta property=\"og:url\" content=\"https:\/\/www.cotomac.com\/pt\/clientes\/\" \/>\n<meta property=\"og:site_name\" content=\"Industrias Cotomac S.L.U.\" \/>\n<meta property=\"article:modified_time\" content=\"2015-02-12T18:35:50+00:00\" \/>\n<meta property=\"og:image\" content=\"http:\/\/www.cotomac.com\/wp-content\/uploads\/2014\/06\/logo-heinz-iberica.jpg\" \/>\n<meta name=\"twitter:label1\" content=\"Tempo estimado de leitura\" \/>\n\t<meta name=\"twitter:data1\" content=\"1 minuto\" \/>\n<script type=\"application\/ld+json\" class=\"yoast-schema-graph\">{\"@context\":\"https:\/\/schema.org\",\"@graph\":[{\"@type\":\"WebSite\",\"@id\":\"https:\/\/www.cotomac.com\/pt\/#website\",\"url\":\"https:\/\/www.cotomac.com\/pt\/\",\"name\":\"Industrias Cotomac S.L.U.\",\"description\":\"Fabricamos principalmente todo tipo de estruturas e caldeiras de a\u00e7o inoxid\u00e1vel e a\u00e7o de carbono, e todos os tipos de instala\u00e7\u00f5es para vapor, instala\u00e7\u00f5es de ar comprimido na co-gera\u00e7\u00e3o de baixa e alta press\u00e3o, estruturas met\u00e1licas, m\u00e1quinas, etc\",\"potentialAction\":[{\"@type\":\"SearchAction\",\"target\":{\"@type\":\"EntryPoint\",\"urlTemplate\":\"https:\/\/www.cotomac.com\/pt\/?s={search_term_string}\"},\"query-input\":\"required name=search_term_string\"}],\"inLanguage\":\"pt-PT\"},{\"@type\":\"ImageObject\",\"@id\":\"https:\/\/www.cotomac.com\/pt\/clientes\/#primaryimage\",\"inLanguage\":\"pt-PT\",\"url\":\"http:\/\/www.cotomac.com\/wp-content\/uploads\/2014\/06\/logo-heinz-iberica.jpg\",\"contentUrl\":\"http:\/\/www.cotomac.com\/wp-content\/uploads\/2014\/06\/logo-heinz-iberica.jpg\"},{\"@type\":\"WebPage\",\"@id\":\"https:\/\/www.cotomac.com\/pt\/clientes\/#webpage\",\"url\":\"https:\/\/www.cotomac.com\/pt\/clientes\/\",\"name\":\"Clientes - Industrias Cotomac S.L.U.\",\"isPartOf\":{\"@id\":\"https:\/\/www.cotomac.com\/pt\/#website\"},\"primaryImageOfPage\":{\"@id\":\"https:\/\/www.cotomac.com\/pt\/clientes\/#primaryimage\"},\"datePublished\":\"2014-06-11T07:52:58+00:00\",\"dateModified\":\"2015-02-12T18:35:50+00:00\",\"breadcrumb\":{\"@id\":\"https:\/\/www.cotomac.com\/pt\/clientes\/#breadcrumb\"},\"inLanguage\":\"pt-PT\",\"potentialAction\":[{\"@type\":\"ReadAction\",\"target\":[\"https:\/\/www.cotomac.com\/pt\/clientes\/\"]}]},{\"@type\":\"BreadcrumbList\",\"@id\":\"https:\/\/www.cotomac.com\/pt\/clientes\/#breadcrumb\",\"itemListElement\":[{\"@type\":\"ListItem\",\"position\":1,\"name\":\"Portada\",\"item\":\"https:\/\/www.cotomac.com\/pt\/\"},{\"@type\":\"ListItem\",\"position\":2,\"name\":\"Clientes\"}]}]}<\/script>\n<!-- \/ Yoast SEO plugin. -->","yoast_head_json":{"title":"Clientes - Industrias Cotomac S.L.U.","robots":{"index":"index","follow":"follow","max-snippet":"max-snippet:-1","max-image-preview":"max-image-preview:large","max-video-preview":"max-video-preview:-1"},"canonical":"https:\/\/www.cotomac.com\/pt\/clientes\/","og_locale":"pt_PT","og_type":"article","og_title":"Clientes - Industrias Cotomac S.L.U.","og_description":"Ind\u00fastria alimentar &nbsp; &nbsp; Ind\u00fastria do papel &nbsp; &nbsp; Ind\u00fastria energ\u00e9tica &nbsp; Fundi\u00e7\u00e3o e recupera\u00e7\u00e3o industria &nbsp; Ind\u00fastria automotiva &nbsp; Ind\u00fastria qu\u00edmica","og_url":"https:\/\/www.cotomac.com\/pt\/clientes\/","og_site_name":"Industrias Cotomac S.L.U.","article_modified_time":"2015-02-12T18:35:50+00:00","og_image":[{"url":"http:\/\/www.cotomac.com\/wp-content\/uploads\/2014\/06\/logo-heinz-iberica.jpg"}],"twitter_misc":{"Tempo estimado de leitura":"1 minuto"},"schema":{"@context":"https:\/\/schema.org","@graph":[{"@type":"WebSite","@id":"https:\/\/www.cotomac.com\/pt\/#website","url":"https:\/\/www.cotomac.com\/pt\/","name":"Industrias Cotomac S.L.U.","description":"Fabricamos principalmente todo tipo de estruturas e caldeiras de a\u00e7o inoxid\u00e1vel e a\u00e7o de carbono, e todos os tipos de instala\u00e7\u00f5es para vapor, instala\u00e7\u00f5es de ar comprimido na co-gera\u00e7\u00e3o de baixa e alta press\u00e3o, estruturas met\u00e1licas, m\u00e1quinas, etc","potentialAction":[{"@type":"SearchAction","target":{"@type":"EntryPoint","urlTemplate":"https:\/\/www.cotomac.com\/pt\/?s={search_term_string}"},"query-input":"required name=search_term_string"}],"inLanguage":"pt-PT"},{"@type":"ImageObject","@id":"https:\/\/www.cotomac.com\/pt\/clientes\/#primaryimage","inLanguage":"pt-PT","url":"http:\/\/www.cotomac.com\/wp-content\/uploads\/2014\/06\/logo-heinz-iberica.jpg","contentUrl":"http:\/\/www.cotomac.com\/wp-content\/uploads\/2014\/06\/logo-heinz-iberica.jpg"},{"@type":"WebPage","@id":"https:\/\/www.cotomac.com\/pt\/clientes\/#webpage","url":"https:\/\/www.cotomac.com\/pt\/clientes\/","name":"Clientes - Industrias Cotomac S.L.U.","isPartOf":{"@id":"https:\/\/www.cotomac.com\/pt\/#website"},"primaryImageOfPage":{"@id":"https:\/\/www.cotomac.com\/pt\/clientes\/#primaryimage"},"datePublished":"2014-06-11T07:52:58+00:00","dateModified":"2015-02-12T18:35:50+00:00","breadcrumb":{"@id":"https:\/\/www.cotomac.com\/pt\/clientes\/#breadcrumb"},"inLanguage":"pt-PT","potentialAction":[{"@type":"ReadAction","target":["https:\/\/www.cotomac.com\/pt\/clientes\/"]}]},{"@type":"BreadcrumbList","@id":"https:\/\/www.cotomac.com\/pt\/clientes\/#breadcrumb","itemListElement":[{"@type":"ListItem","position":1,"name":"Portada","item":"https:\/\/www.cotomac.com\/pt\/"},{"@type":"ListItem","position":2,"name":"Clientes"}]}]}},"_links":{"self":[{"href":"https:\/\/www.cotomac.com\/pt\/wp-json\/wp\/v2\/pages\/3227"}],"collection":[{"href":"https:\/\/www.cotomac.com\/pt\/wp-json\/wp\/v2\/pages"}],"about":[{"href":"https:\/\/www.cotomac.com\/pt\/wp-json\/wp\/v2\/types\/page"}],"author":[{"embeddable":true,"href":"https:\/\/www.cotomac.com\/pt\/wp-json\/wp\/v2\/users\/1"}],"replies":[{"embeddable":true,"href":"https:\/\/www.cotomac.com\/pt\/wp-json\/wp\/v2\/comments?post=3227"}],"version-history":[{"count":4,"href":"https:\/\/www.cotomac.com\/pt\/wp-json\/wp\/v2\/pages\/3227\/revisions"}],"predecessor-version":[{"id":3260,"href":"https:\/\/www.cotomac.com\/pt\/wp-json\/wp\/v2\/pages\/3227\/revisions\/3260"}],"wp:attachment":[{"href":"https:\/\/www.cotomac.com\/pt\/wp-json\/wp\/v2\/media?parent=3227"}],"curies":[{"name":"wp","href":"https:\/\/api.w.org\/{rel}","templated":true}]}}